{"id":123,"date":"2013-02-02T11:49:08","date_gmt":"2013-02-02T11:49:08","guid":{"rendered":"https:\/\/rapidbronz.com\/?page_id=123"},"modified":"2013-02-02T11:49:08","modified_gmt":"2013-02-02T11:49:08","slug":"prednosti","status":"publish","type":"page","link":"https:\/\/rapidbronz.com\/bs\/rapid-bronz-2\/prednosti\/","title":{"rendered":"PREDNOSTI"},"content":{"rendered":"<p style=\"text-align: center;\"><span><img loading=\"lazy\" class=\" size-full wp-image-122\" src=\"https:\/\/rapidbronz.com\/wp-content\/uploads\/2013\/02\/images_I-VANTAGGI_BS.gif\" width=\"550\" height=\"200\" alt=\"I-VANTAGGI BS\" \/><\/span><\/p>\n<p><span style=\"line-height: 1.3em;\">Kori\u0161tenjem kreme RAPID BRONZ pove\u0107ava se biolo\u0161ka raspolo\u017eivost melanina, \u0161to poti\u010de prirodni proces pigmentacije s posljedi\u010dnom pove\u0107anom prirodnom za\u0161titom ko\u017ee. Na taj se na\u010din sprije\u010davaju eventualna crvenila i sun\u010dane iritacije. Posljedica toga je br\u017ea, intenzivnija i ravnomjernija preplanulost.<\/span><\/p>\n<p>RAPID BRONZ priprema ko\u017eu za izlaganje suncu i omogu\u0107uje kori\u0161tenje kreme s ni\u017eim za\u0161titnim faktorom. Osim toga, mo\u017eemo biti na suncu kra\u0107e vrijeme, a svejedno posti\u0107i br\u017eu i intenzivnu preplanulost.<\/p>\n","protected":false},"excerpt":{"rendered":"<p>Kori\u0161tenjem kreme RAPID BRONZ pove\u0107ava se biolo\u0161ka raspolo\u017eivost melanina, \u0161to poti\u010de prirodni proces pigmentacije s posljedi\u010dnom pove\u0107anom prirodnom za\u0161titom ko\u017ee. Na taj se na\u010din sprije\u010davaju eventualna<span class=\"excerpt-hellip\"> [\u2026]<\/span><\/p>\n","protected":false},"author":2,"featured_media":0,"parent":40,"menu_order":11,"comment_status":"closed","ping_status":"closed","template":"","meta":[],"_links":{"self":[{"href":"https:\/\/rapidbronz.com\/bs\/wp-json\/wp\/v2\/pages\/123\/"}],"collection":[{"href":"https:\/\/rapidbronz.com\/bs\/wp-json\/wp\/v2\/pages\/"}],"about":[{"href":"https:\/\/rapidbronz.com\/bs\/wp-json\/wp\/v2\/types\/page\/"}],"author":[{"embeddable":true,"href":"https:\/\/rapidbronz.com\/bs\/wp-json\/wp\/v2\/users\/2\/"}],"replies":[{"embeddable":true,"href":"https:\/\/rapidbronz.com\/bs\/wp-json\/wp\/v2\/comments\/?post=123"}],"version-history":[{"count":0,"href":"https:\/\/rapidbronz.com\/bs\/wp-json\/wp\/v2\/pages\/123\/revisions\/"}],"up":[{"embeddable":true,"href":"https:\/\/rapidbronz.com\/bs\/wp-json\/wp\/v2\/pages\/40\/"}],"wp:attachment":[{"href":"https:\/\/rapidbronz.com\/bs\/wp-json\/wp\/v2\/media\/?parent=123"}],"curies":[{"name":"wp","href":"https:\/\/api.w.org\/{rel}","templated":true}]}}