{"id":23,"date":"2013-02-02T11:49:22","date_gmt":"2013-02-02T11:49:22","guid":{"rendered":"https:\/\/rapidbronz.com\/?page_id=23"},"modified":"2013-02-02T11:49:22","modified_gmt":"2013-02-02T11:49:22","slug":"filozofija","status":"publish","type":"page","link":"https:\/\/rapidbronz.com\/bs\/filozofija\/","title":{"rendered":"FILOZOFIJA"},"content":{"rendered":"<p style=\"text-align: center;\"><img loading=\"lazy\" class=\" size-full wp-image-20\" src=\"https:\/\/rapidbronz.com\/wp-content\/uploads\/2013\/02\/images_Filosofia_400.png\" width=\"320\" height=\"359\" alt=\"Filosofia 400\" srcset=\"https:\/\/rapidbronz.com\/wp-content\/uploads\/2013\/02\/images_Filosofia_400.png 320w, https:\/\/rapidbronz.com\/wp-content\/uploads\/2013\/02\/images_Filosofia_400-267x300.png 267w\" sizes=\"(max-width: 320px) 100vw, 320px\" \/><\/p>\n<h1 style=\"text-align: center;\">NOVA FILOZOFIJA<\/h1>\n<p>Zadnjih godina je sve popularnija nova filozofija za\u0161tite ko\u017ee protiv UV zraka koja se temelji na mehanizmu prirodne za\u0161tite ko\u017ee kao pomo\u0107i za\u0161titnim filterima krema za sun\u010danje. Za vrijeme izlaganja suncu, proizvodnja melanina i posljedi\u010dna bronzana boja &#8211; posljedica su UVB zraka. Brzina ovog procesa zavisi o brzini sinteze melanina i njegovoj migraciji u keratinocite. Bazalni ritam proizvodnje melanina i njegovo seljenje u keratinocite odvija se u otprilike sedam dana. Za vrijeme ovog procesa, ko\u017ea nije za\u0161ti\u0107ena, a izlo\u017eena je ultraljubi\u010dastim zrakama sunca, koje mogu uzrokovati crvenilo i opasne sun\u010dane iritacije.<\/p>\n<p>&nbsp;<\/p>\n<p>&nbsp;<\/p>\n","protected":false},"excerpt":{"rendered":"<p>NOVA FILOZOFIJA Zadnjih godina je sve popularnija nova filozofija za\u0161tite ko\u017ee protiv UV zraka koja se temelji na mehanizmu prirodne za\u0161tite ko\u017ee kao pomo\u0107i za\u0161titnim filterima<span class=\"excerpt-hellip\"> [\u2026]<\/span><\/p>\n","protected":false},"author":2,"featured_media":0,"parent":0,"menu_order":10,"comment_status":"closed","ping_status":"closed","template":"","meta":[],"_links":{"self":[{"href":"https:\/\/rapidbronz.com\/bs\/wp-json\/wp\/v2\/pages\/23\/"}],"collection":[{"href":"https:\/\/rapidbronz.com\/bs\/wp-json\/wp\/v2\/pages\/"}],"about":[{"href":"https:\/\/rapidbronz.com\/bs\/wp-json\/wp\/v2\/types\/page\/"}],"author":[{"embeddable":true,"href":"https:\/\/rapidbronz.com\/bs\/wp-json\/wp\/v2\/users\/2\/"}],"replies":[{"embeddable":true,"href":"https:\/\/rapidbronz.com\/bs\/wp-json\/wp\/v2\/comments\/?post=23"}],"version-history":[{"count":0,"href":"https:\/\/rapidbronz.com\/bs\/wp-json\/wp\/v2\/pages\/23\/revisions\/"}],"wp:attachment":[{"href":"https:\/\/rapidbronz.com\/bs\/wp-json\/wp\/v2\/media\/?parent=23"}],"curies":[{"name":"wp","href":"https:\/\/api.w.org\/{rel}","templated":true}]}}