{"id":40,"date":"2013-02-02T12:04:11","date_gmt":"2013-02-02T12:04:11","guid":{"rendered":"https:\/\/rapidbronz.com\/?page_id=40"},"modified":"2013-02-02T12:04:11","modified_gmt":"2013-02-02T12:04:11","slug":"rapid-bronz-2","status":"publish","type":"page","link":"https:\/\/rapidbronz.com\/bs\/rapid-bronz-2\/","title":{"rendered":"Rapid Bronz"},"content":{"rendered":"<p style=\"text-align: center;\">&nbsp;<\/p>\n<p style=\"text-align: center;\">&nbsp;<img loading=\"lazy\" class=\" size-full wp-image-37\" src=\"https:\/\/rapidbronz.com\/wp-content\/uploads\/2013\/02\/images_RapidBronzVas.jpg\" width=\"500\" height=\"261\" alt=\"RapidBronzVas\" srcset=\"https:\/\/rapidbronz.com\/wp-content\/uploads\/2013\/02\/images_RapidBronzVas.jpg 500w, https:\/\/rapidbronz.com\/wp-content\/uploads\/2013\/02\/images_RapidBronzVas-300x157.jpg 300w\" sizes=\"(max-width: 500px) 100vw, 500px\" \/><\/p>\n<h1 style=\"line-height: normal; text-align: center;\">PROGRAM SUN\u010cANJA RAPID BRONZ<\/h1>\n<p><span style=\"line-height: 1.3em;\">Program sun\u010danja RAPID BRONZ, realizovan je uz pomo\u0107 inovativne biotehnologije koja se temelji na kompleksu supstanci koje, pravilno kombinovane, ubrzavaju prirodne procese pigmentacije ko\u017ee. Osnova cijelog programa je prisutnost tri glavna aktivna sastojka.<\/span><\/p>\n<p>1. TIROZIN u obliku posebnog hidrosolubilnog derivata koji duboko prodire u epidermu i daje joj sastojak potreban za aktivaciju biosinteze melanina, pigmenta koji daje preplanulost i prirodnu za\u0161titu ko\u017ee.<br \/>2. VITAMIN B2 djeluje kao foto \u2013 oksidant, tj. pospje\u0161uje procese oksidacije koji podsti\u010du ko\u017enu pigmentaciju tirozina prilikom izlo\u017eenosti suncu.<br \/>3. ATP koenzim adenozintrifosfat \u2013 pospje\u0161uje i pove\u0107ava tirozinazu te posljedi\u010dno br\u017eu melanogenezu. Posljedi\u010dno se pove\u0107ava koli\u010dina proizvedenog melanina i proces preplanulosti razvija br\u017ee i intenzivnije.<\/p>\n","protected":false},"excerpt":{"rendered":"<p>&nbsp; &nbsp; PROGRAM SUN\u010cANJA RAPID BRONZ Program sun\u010danja RAPID BRONZ, realizovan je uz pomo\u0107 inovativne biotehnologije koja se temelji na kompleksu supstanci koje, pravilno kombinovane, ubrzavaju<span class=\"excerpt-hellip\"> [\u2026]<\/span><\/p>\n","protected":false},"author":2,"featured_media":0,"parent":0,"menu_order":8,"comment_status":"closed","ping_status":"closed","template":"","meta":[],"_links":{"self":[{"href":"https:\/\/rapidbronz.com\/bs\/wp-json\/wp\/v2\/pages\/40\/"}],"collection":[{"href":"https:\/\/rapidbronz.com\/bs\/wp-json\/wp\/v2\/pages\/"}],"about":[{"href":"https:\/\/rapidbronz.com\/bs\/wp-json\/wp\/v2\/types\/page\/"}],"author":[{"embeddable":true,"href":"https:\/\/rapidbronz.com\/bs\/wp-json\/wp\/v2\/users\/2\/"}],"replies":[{"embeddable":true,"href":"https:\/\/rapidbronz.com\/bs\/wp-json\/wp\/v2\/comments\/?post=40"}],"version-history":[{"count":0,"href":"https:\/\/rapidbronz.com\/bs\/wp-json\/wp\/v2\/pages\/40\/revisions\/"}],"wp:attachment":[{"href":"https:\/\/rapidbronz.com\/bs\/wp-json\/wp\/v2\/media\/?parent=40"}],"curies":[{"name":"wp","href":"https:\/\/api.w.org\/{rel}","templated":true}]}}