{"id":58,"date":"2013-02-10T12:25:44","date_gmt":"2013-02-10T12:25:44","guid":{"rendered":"https:\/\/rapidbronz.com\/?page_id=58"},"modified":"2013-02-10T12:25:44","modified_gmt":"2013-02-10T12:25:44","slug":"nasa-prirodna-zastita","status":"publish","type":"page","link":"https:\/\/rapidbronz.com\/bs\/uvod\/nasa-prirodna-zastita\/","title":{"rendered":"NA\u0160A PRIRODNA ZA\u0160TITA"},"content":{"rendered":"<p>&nbsp;<\/p>\n<p>&nbsp;<\/p>\n<p>&nbsp;<\/p>\n<table border=\"0\" cellspacing=\"0\" cellpadding=\"10\">\n<tbody>\n<tr>\n<td style=\"text-align: center;\" valign=\"top\">\n<h1>NA\u0160A PRIRODNA ZA\u0160TITA<\/h1>\n<p style=\"text-align: justify;\"><img loading=\"lazy\" class=\" alignleft size-full wp-image-55\" src=\"https:\/\/rapidbronz.com\/wp-content\/uploads\/2013\/02\/images_Difesa_naturale.png\" width=\"120\" height=\"115\" alt=\"Difesa naturale\" style=\"color: #000000; font-family: Verdana, Arial, Helvetica, sans-serif; font-size: 11px; line-height: normal; text-align: -webkit-center; margin-top: 6px; margin-right: 12px; float: left;\" \/>Ljudsko tijelo ima izuzetnu sposobnost proizvodnje melanina kada je izlo\u017eeno sun\u010devim zrakama. Melanin je na\u0161a prirodna za\u0161tita od ultraljubi\u010dastih zraka, koji proizvodi na\u0161a ko\u017ea i koji nam daje tako pri\u017eeljkivanu bronzanu boju. Melanin proizvodi melanocite koji se nalaze u bazalnom sloju epiderme. Njihova uloga je sinteza melanina, koji se skladi\u0161ti u melanozomima. Melanozomi s vremenom prelaze u epitelialne \u0107elije epiderme gdje stvaraju za\u0161titni omota\u010d koji apsorbira i odbija vi\u0161e od 70% ultraljubi\u010dastih zraka.<\/p>\n<\/td>\n<\/tr>\n<\/tbody>\n<\/table>\n","protected":false},"excerpt":{"rendered":"<p>&nbsp; &nbsp; &nbsp; NA\u0160A PRIRODNA ZA\u0160TITA Ljudsko tijelo ima izuzetnu sposobnost proizvodnje melanina kada je izlo\u017eeno sun\u010devim zrakama. Melanin je na\u0161a prirodna za\u0161tita od ultraljubi\u010dastih zraka,<span class=\"excerpt-hellip\"> [\u2026]<\/span><\/p>\n","protected":false},"author":2,"featured_media":0,"parent":14,"menu_order":6,"comment_status":"closed","ping_status":"closed","template":"","meta":[],"_links":{"self":[{"href":"https:\/\/rapidbronz.com\/bs\/wp-json\/wp\/v2\/pages\/58\/"}],"collection":[{"href":"https:\/\/rapidbronz.com\/bs\/wp-json\/wp\/v2\/pages\/"}],"about":[{"href":"https:\/\/rapidbronz.com\/bs\/wp-json\/wp\/v2\/types\/page\/"}],"author":[{"embeddable":true,"href":"https:\/\/rapidbronz.com\/bs\/wp-json\/wp\/v2\/users\/2\/"}],"replies":[{"embeddable":true,"href":"https:\/\/rapidbronz.com\/bs\/wp-json\/wp\/v2\/comments\/?post=58"}],"version-history":[{"count":0,"href":"https:\/\/rapidbronz.com\/bs\/wp-json\/wp\/v2\/pages\/58\/revisions\/"}],"up":[{"embeddable":true,"href":"https:\/\/rapidbronz.com\/bs\/wp-json\/wp\/v2\/pages\/14\/"}],"wp:attachment":[{"href":"https:\/\/rapidbronz.com\/bs\/wp-json\/wp\/v2\/media\/?parent=58"}],"curies":[{"name":"wp","href":"https:\/\/api.w.org\/{rel}","templated":true}]}}