{"id":67,"date":"2013-02-10T12:25:44","date_gmt":"2013-02-10T12:25:44","guid":{"rendered":"https:\/\/rapidbronz.com\/?page_id=67"},"modified":"2013-02-10T12:25:44","modified_gmt":"2013-02-10T12:25:44","slug":"djelovanje-melanocita","status":"publish","type":"page","link":"https:\/\/rapidbronz.com\/bs\/uvod\/djelovanje-melanocita\/","title":{"rendered":"DJELOVANJE MELANOCITA"},"content":{"rendered":"<p>&nbsp;<\/p>\n<p>&nbsp;<\/p>\n<p>&nbsp;<\/p>\n<table border=\"0\" cellspacing=\"0\" cellpadding=\"10\">\n<tbody>\n<tr>\n<td style=\"text-align: center;\" valign=\"top\">\n<h1>DJELOVANJE MELANOCITA<\/h1>\n<p style=\"text-align: justify;\"><img loading=\"lazy\" class=\" alignleft size-full wp-image-64\" src=\"https:\/\/rapidbronz.com\/wp-content\/uploads\/2013\/02\/images_Melanociti.png\" width=\"137\" height=\"180\" alt=\"Melanociti\" style=\"color: #000000; font-family: Verdana, Arial, Helvetica, sans-serif; font-size: 11px; line-height: normal; text-align: -webkit-center; margin-top: 6px; margin-right: 8px; float: left;\" \/>Svi ljudi imaju sli\u010dnu koncentraciju melanocita u ko\u017ei, ali njihova se aktivnost razlikuje s obzirom na pripadnost razli\u010ditim etni\u010dkim grupama. Uz to, u\u010destalost izlaganja ko\u017ee ultraljubi\u010dastim zrakama, zna\u010dajno uti\u010de na proizvodnju melanina. Kod osoba koje se \u010de\u0161\u0107e izla\u017eu sun\u010devim zrakama, proizvodnja melanina je mnogo ve\u0107a u odnosu na osobe koje se rijetko izla\u017eu suncu ili koje koriste kreme za sun\u010danje s vrlo visokim faktorima. Manje je poznato, da kori\u0161tenje za\u0161titnih filtera inhibira ili usporava proizvodnju melanina te se tako blokira prirodni proces za\u0161tite ko\u017ee. \u0160to je ve\u0107i za\u0161titni faktor, to \u0107e biti potrebnije du\u017ee izlaganje sun\u010devim zrakama kako bi se aktivirao prirodan proces za\u0161tite.<\/p>\n<\/td>\n<\/tr>\n<\/tbody>\n<\/table>\n","protected":false},"excerpt":{"rendered":"<p>&nbsp; &nbsp; &nbsp; DJELOVANJE MELANOCITA Svi ljudi imaju sli\u010dnu koncentraciju melanocita u ko\u017ei, ali njihova se aktivnost razlikuje s obzirom na pripadnost razli\u010ditim etni\u010dkim grupama. Uz<span class=\"excerpt-hellip\"> [\u2026]<\/span><\/p>\n","protected":false},"author":2,"featured_media":0,"parent":14,"menu_order":5,"comment_status":"closed","ping_status":"closed","template":"","meta":[],"_links":{"self":[{"href":"https:\/\/rapidbronz.com\/bs\/wp-json\/wp\/v2\/pages\/67\/"}],"collection":[{"href":"https:\/\/rapidbronz.com\/bs\/wp-json\/wp\/v2\/pages\/"}],"about":[{"href":"https:\/\/rapidbronz.com\/bs\/wp-json\/wp\/v2\/types\/page\/"}],"author":[{"embeddable":true,"href":"https:\/\/rapidbronz.com\/bs\/wp-json\/wp\/v2\/users\/2\/"}],"replies":[{"embeddable":true,"href":"https:\/\/rapidbronz.com\/bs\/wp-json\/wp\/v2\/comments\/?post=67"}],"version-history":[{"count":0,"href":"https:\/\/rapidbronz.com\/bs\/wp-json\/wp\/v2\/pages\/67\/revisions\/"}],"up":[{"embeddable":true,"href":"https:\/\/rapidbronz.com\/bs\/wp-json\/wp\/v2\/pages\/14\/"}],"wp:attachment":[{"href":"https:\/\/rapidbronz.com\/bs\/wp-json\/wp\/v2\/media\/?parent=67"}],"curies":[{"name":"wp","href":"https:\/\/api.w.org\/{rel}","templated":true}]}}