{"id":76,"date":"2013-02-10T12:25:44","date_gmt":"2013-02-10T12:25:44","guid":{"rendered":"https:\/\/rapidbronz.com\/?page_id=76"},"modified":"2013-02-10T12:25:44","modified_gmt":"2013-02-10T12:25:44","slug":"melanogeneza","status":"publish","type":"page","link":"https:\/\/rapidbronz.com\/bs\/uvod\/melanogeneza\/","title":{"rendered":"MELANOGENEZA"},"content":{"rendered":"<p>&nbsp;<\/p>\n<p>&nbsp;<\/p>\n<p>&nbsp;<\/p>\n<table border=\"0\" cellspacing=\"0\" cellpadding=\"10\">\n<tbody>\n<tr>\n<td style=\"text-align: center;\" valign=\"top\">\n<h1>MELANOGENEZA<\/h1>\n<p style=\"text-align: justify;\"><img loading=\"lazy\" class=\" alignleft size-full wp-image-73\" src=\"https:\/\/rapidbronz.com\/wp-content\/uploads\/2013\/02\/images_MELANOGENESI.png\" width=\"250\" height=\"185\" alt=\"MELANOGENESI\" style=\"color: #000000; font-family: Verdana, Arial, Helvetica, sans-serif; font-size: 11px; line-height: normal; text-align: -webkit-center; margin: 6px 6px 0px 0px; float: left;\" \/>Foto-za\u0161tita ko\u017ee zavisi o pravilnom foto-hemijskom procesu koji pretvara energiju UV zraka. Prirodni melanin proizvodi se kroz metaboliziranje aminokiseline tirozin, koja ima sna\u017eno za\u0161titno djelovanje. Melanin se stvara preko biohemijskog procesa koji se naziva melanogeneza. Taj se proces odvija u melanocitima kroz sintezu enzima tirosinaza, koji pretvara aminokiselinu tirozin u melanin. Melanin se sintetizira u melanozome koji migriraju preko produ\u017eetaka melanocita i sele se iz bazalnog sloja u keratinocite povr\u0161inskih slojeva ko\u017ee, u kojima se melanin raspore\u0111uje oko stani\u010dnih jezgri i slu\u017ei kao za\u0161tita od UV zraka.<\/p>\n<\/td>\n<\/tr>\n<\/tbody>\n<\/table>\n","protected":false},"excerpt":{"rendered":"<p>&nbsp; &nbsp; &nbsp; MELANOGENEZA Foto-za\u0161tita ko\u017ee zavisi o pravilnom foto-hemijskom procesu koji pretvara energiju UV zraka. Prirodni melanin proizvodi se kroz metaboliziranje aminokiseline tirozin, koja ima<span class=\"excerpt-hellip\"> [\u2026]<\/span><\/p>\n","protected":false},"author":2,"featured_media":0,"parent":14,"menu_order":2,"comment_status":"closed","ping_status":"closed","template":"","meta":[],"_links":{"self":[{"href":"https:\/\/rapidbronz.com\/bs\/wp-json\/wp\/v2\/pages\/76\/"}],"collection":[{"href":"https:\/\/rapidbronz.com\/bs\/wp-json\/wp\/v2\/pages\/"}],"about":[{"href":"https:\/\/rapidbronz.com\/bs\/wp-json\/wp\/v2\/types\/page\/"}],"author":[{"embeddable":true,"href":"https:\/\/rapidbronz.com\/bs\/wp-json\/wp\/v2\/users\/2\/"}],"replies":[{"embeddable":true,"href":"https:\/\/rapidbronz.com\/bs\/wp-json\/wp\/v2\/comments\/?post=76"}],"version-history":[{"count":0,"href":"https:\/\/rapidbronz.com\/bs\/wp-json\/wp\/v2\/pages\/76\/revisions\/"}],"up":[{"embeddable":true,"href":"https:\/\/rapidbronz.com\/bs\/wp-json\/wp\/v2\/pages\/14\/"}],"wp:attachment":[{"href":"https:\/\/rapidbronz.com\/bs\/wp-json\/wp\/v2\/media\/?parent=76"}],"curies":[{"name":"wp","href":"https:\/\/api.w.org\/{rel}","templated":true}]}}