{"id":105,"date":"2013-02-02T11:49:08","date_gmt":"2013-02-02T11:49:08","guid":{"rendered":"https:\/\/rapidbronz.com\/?page_id=105"},"modified":"2013-02-02T11:49:08","modified_gmt":"2013-02-02T11:49:08","slug":"resultate","status":"publish","type":"page","link":"https:\/\/rapidbronz.com\/de\/resultate\/","title":{"rendered":"RESULTATE"},"content":{"rendered":"<p style=\"text-align: center;\"><span><img loading=\"lazy\" class=\" size-full wp-image-100\" src=\"https:\/\/rapidbronz.com\/wp-content\/uploads\/2013\/02\/images_I_Test.png\" width=\"454\" height=\"441\" alt=\"I Test\" srcset=\"https:\/\/rapidbronz.com\/wp-content\/uploads\/2013\/02\/images_I_Test.png 454w, https:\/\/rapidbronz.com\/wp-content\/uploads\/2013\/02\/images_I_Test-300x291.png 300w\" sizes=\"(max-width: 454px) 100vw, 454px\" \/><\/span><\/p>\n<p>Die biologische Wirkungsweise der Creme RAPID BRONZ wurde durch klinische Hauttests gepr\u00fcft, vergleichende Analysen wurden mittels des CHROMAMETERS LF 90 ausgef\u00fchrt. Die Analyse best\u00e4tigt, dass bei der Anwendung der Creme RAPID BRONZ eine Erh\u00f6hung der biologischen Menge an Melanin erreicht und der nat\u00fcrliche Prozess der Pigmentierung angeregt werden kann.<\/p>\n","protected":false},"excerpt":{"rendered":"<p>Die biologische Wirkungsweise der Creme RAPID BRONZ wurde durch klinische Hauttests gepr\u00fcft, vergleichende Analysen wurden mittels des CHROMAMETERS LF 90 ausgef\u00fchrt. Die Analyse best\u00e4tigt, dass bei<span class=\"excerpt-hellip\"> [\u2026]<\/span><\/p>\n","protected":false},"author":2,"featured_media":0,"parent":0,"menu_order":14,"comment_status":"closed","ping_status":"closed","template":"","meta":[],"_links":{"self":[{"href":"https:\/\/rapidbronz.com\/de\/wp-json\/wp\/v2\/pages\/105\/"}],"collection":[{"href":"https:\/\/rapidbronz.com\/de\/wp-json\/wp\/v2\/pages\/"}],"about":[{"href":"https:\/\/rapidbronz.com\/de\/wp-json\/wp\/v2\/types\/page\/"}],"author":[{"embeddable":true,"href":"https:\/\/rapidbronz.com\/de\/wp-json\/wp\/v2\/users\/2\/"}],"replies":[{"embeddable":true,"href":"https:\/\/rapidbronz.com\/de\/wp-json\/wp\/v2\/comments\/?post=105"}],"version-history":[{"count":0,"href":"https:\/\/rapidbronz.com\/de\/wp-json\/wp\/v2\/pages\/105\/revisions\/"}],"wp:attachment":[{"href":"https:\/\/rapidbronz.com\/de\/wp-json\/wp\/v2\/media\/?parent=105"}],"curies":[{"name":"wp","href":"https:\/\/api.w.org\/{rel}","templated":true}]}}