{"id":114,"date":"2013-02-02T11:49:08","date_gmt":"2013-02-02T11:49:08","guid":{"rendered":"https:\/\/rapidbronz.com\/?page_id=114"},"modified":"2013-02-02T11:49:08","modified_gmt":"2013-02-02T11:49:08","slug":"die-wirkung","status":"publish","type":"page","link":"https:\/\/rapidbronz.com\/de\/rapid-bronz-2\/die-wirkung\/","title":{"rendered":"DIE WIRKUNG"},"content":{"rendered":"<p style=\"text-align: center;\"><span><img loading=\"lazy\" class=\" size-full wp-image-109\" src=\"https:\/\/rapidbronz.com\/wp-content\/uploads\/2013\/02\/images_LA-FUNZIONE.png\" width=\"429\" height=\"369\" alt=\"LA-FUNZIONE\" srcset=\"https:\/\/rapidbronz.com\/wp-content\/uploads\/2013\/02\/images_LA-FUNZIONE.png 429w, https:\/\/rapidbronz.com\/wp-content\/uploads\/2013\/02\/images_LA-FUNZIONE-300x258.png 300w\" sizes=\"(max-width: 429px) 100vw, 429px\" \/><\/span><\/p>\n<p>Durch unsere Atmosph\u00e4re dingen sowohl UVA- als auch UVB-Strahlen. UVA-Strahlen dringen tief in die Oberhaut ein, wo sie auf die Zellen Einfluss nehmen und einen schnelleren Alterungsprozess der Haut verursachen. UVB- Strahlen dringen nicht so tief in die Haut ein. Sie stimulieren den nat\u00fcrlichen Prozess der Melaninproduktion und erh\u00f6hen den nat\u00fcrlichen Schutz der Haut. Dieser Vorgang dauert ungef\u00e4hr sieben Tage. W\u00e4hrend dieser Zeit ist unsere Haut den UVA- und den UVB-Strahlen ungesch\u00fctzt ausgesetzt und es kann zu Hautr\u00f6tungen, Allergien und Sonnenbr\u00e4nden kommen.<\/p>\n<p>Wendet man RAPID BRONZ zur Unterst\u00fctzung des nat\u00fcrlichen Hautschutzes an, bevor die Haut der Sonne ausgesetzt wird, wird die Tyrosinase wie auch der Prozess der Melanogenes in Gang gesetzt und beschleunigt. So besteht schon bei ersten intensiven Sonnenstrahlenkontakten ein nat\u00fcrlicher Hautschutz.<\/p>\n","protected":false},"excerpt":{"rendered":"<p>Durch unsere Atmosph\u00e4re dingen sowohl UVA- als auch UVB-Strahlen. UVA-Strahlen dringen tief in die Oberhaut ein, wo sie auf die Zellen Einfluss nehmen und einen schnelleren<span class=\"excerpt-hellip\"> [\u2026]<\/span><\/p>\n","protected":false},"author":2,"featured_media":0,"parent":42,"menu_order":13,"comment_status":"closed","ping_status":"closed","template":"","meta":[],"_links":{"self":[{"href":"https:\/\/rapidbronz.com\/de\/wp-json\/wp\/v2\/pages\/114\/"}],"collection":[{"href":"https:\/\/rapidbronz.com\/de\/wp-json\/wp\/v2\/pages\/"}],"about":[{"href":"https:\/\/rapidbronz.com\/de\/wp-json\/wp\/v2\/types\/page\/"}],"author":[{"embeddable":true,"href":"https:\/\/rapidbronz.com\/de\/wp-json\/wp\/v2\/users\/2\/"}],"replies":[{"embeddable":true,"href":"https:\/\/rapidbronz.com\/de\/wp-json\/wp\/v2\/comments\/?post=114"}],"version-history":[{"count":0,"href":"https:\/\/rapidbronz.com\/de\/wp-json\/wp\/v2\/pages\/114\/revisions\/"}],"up":[{"embeddable":true,"href":"https:\/\/rapidbronz.com\/de\/wp-json\/wp\/v2\/pages\/42\/"}],"wp:attachment":[{"href":"https:\/\/rapidbronz.com\/de\/wp-json\/wp\/v2\/media\/?parent=114"}],"curies":[{"name":"wp","href":"https:\/\/api.w.org\/{rel}","templated":true}]}}