{"id":127,"date":"2013-02-02T11:49:08","date_gmt":"2013-02-02T11:49:08","guid":{"rendered":"https:\/\/rapidbronz.com\/?page_id=127"},"modified":"2013-02-02T11:49:08","modified_gmt":"2013-02-02T11:49:08","slug":"vorteile","status":"publish","type":"page","link":"https:\/\/rapidbronz.com\/de\/rapid-bronz-2\/vorteile\/","title":{"rendered":"VORTEILE"},"content":{"rendered":"<p style=\"text-align: center;\"><span><img loading=\"lazy\" class=\" size-full wp-image-126\" src=\"https:\/\/rapidbronz.com\/wp-content\/uploads\/2013\/02\/images_I-VANTAGGI_DE.gif\" width=\"550\" height=\"200\" alt=\"I-VANTAGGI DE\" \/><\/span><\/p>\n<p><span style=\"line-height: 1.3em;\">Durch die Anwendung der Creme RAPID BRONZ vergr\u00f6\u00dfert sich die biologische Menge des Melanins, was den nat\u00fcrlichen Prozess der Pigmentierung anregt und den nat\u00fcrlichen Schutz erh\u00f6ht. Auf diese Weise werden eventuelle Hautr\u00f6tungen und Sonnenbr\u00e4nde verhindert und eine schnellere, intensivere und gleichm\u00e4\u00dfigere Br\u00e4unung erreicht.<\/span><\/p>\n<p><span style=\"line-height: 1.3em;\">RAPID BRONZ bereitet die Haut auf die belastenden Einfl\u00fcsse der Sonnenstrahlung vor und erm\u00f6glicht die Anwendung einer Sonnenschutzcreme mit einem niedrigeren Lichtschutzfaktor. Das sorgt f\u00fcr ein sicheres Sonnenbaden. Au\u00dferdem kommt es auch bei einem k\u00fcrzeren Aufenthalt in der Sonne zu einer schnelleren und intensiveren Br\u00e4unung.<\/span><\/p>\n","protected":false},"excerpt":{"rendered":"<p>Durch die Anwendung der Creme RAPID BRONZ vergr\u00f6\u00dfert sich die biologische Menge des Melanins, was den nat\u00fcrlichen Prozess der Pigmentierung anregt und den nat\u00fcrlichen Schutz erh\u00f6ht.<span class=\"excerpt-hellip\"> [\u2026]<\/span><\/p>\n","protected":false},"author":2,"featured_media":0,"parent":42,"menu_order":11,"comment_status":"closed","ping_status":"closed","template":"","meta":[],"_links":{"self":[{"href":"https:\/\/rapidbronz.com\/de\/wp-json\/wp\/v2\/pages\/127\/"}],"collection":[{"href":"https:\/\/rapidbronz.com\/de\/wp-json\/wp\/v2\/pages\/"}],"about":[{"href":"https:\/\/rapidbronz.com\/de\/wp-json\/wp\/v2\/types\/page\/"}],"author":[{"embeddable":true,"href":"https:\/\/rapidbronz.com\/de\/wp-json\/wp\/v2\/users\/2\/"}],"replies":[{"embeddable":true,"href":"https:\/\/rapidbronz.com\/de\/wp-json\/wp\/v2\/comments\/?post=127"}],"version-history":[{"count":0,"href":"https:\/\/rapidbronz.com\/de\/wp-json\/wp\/v2\/pages\/127\/revisions\/"}],"up":[{"embeddable":true,"href":"https:\/\/rapidbronz.com\/de\/wp-json\/wp\/v2\/pages\/42\/"}],"wp:attachment":[{"href":"https:\/\/rapidbronz.com\/de\/wp-json\/wp\/v2\/media\/?parent=127"}],"curies":[{"name":"wp","href":"https:\/\/api.w.org\/{rel}","templated":true}]}}