{"id":139,"date":"2013-02-02T11:49:08","date_gmt":"2013-02-02T11:49:08","guid":{"rendered":"https:\/\/rapidbronz.com\/?page_id=139"},"modified":"2013-02-02T11:49:08","modified_gmt":"2013-02-02T11:49:08","slug":"anwendung","status":"publish","type":"page","link":"https:\/\/rapidbronz.com\/de\/rapid-bronz-2\/anwendung\/","title":{"rendered":"ANWENDUNG"},"content":{"rendered":"<p style=\"text-align: center;\"><span><img loading=\"lazy\" class=\" size-full wp-image-134\" src=\"https:\/\/rapidbronz.com\/wp-content\/uploads\/2013\/02\/images_IMPIEGO.jpg\" width=\"300\" height=\"242\" alt=\"IMPIEGO\" \/><\/span><\/p>\n<p><span style=\"line-height: 1.3em;\">Durch t\u00e4gliches Eincremen mit RAPID BRONZ ist die Haut nat\u00fcrlich gesch\u00fctzt und der Br\u00e4unungsprozess findet w\u00e4hrend des gesamten Jahres statt, auch dann, wenn die Sonnenstrahlung weniger intensiv ist. So werden Hautr\u00f6tungen und Sonnenbr\u00e4nde auf nat\u00fcrliche Weise verhindert.<\/span><\/p>\n<p><span style=\"line-height: 1.3em;\">Bevor die Haut der Sonne aussetzt wird, sollte die Creme mindestens eine Woche lang morgens und abends aufgetragen werden, damit die Haut optimal vorbereitet wird und die nat\u00fcrlichen Schutzprozesse angeregt werden.<\/span><\/p>\n<p>W\u00e4hrend des Sonnenbadens wir die Creme zusammen mit einer Sonnenschutzcreme mit einem f\u00fcr Ihren Hauttyp entsprechenden Lichtschutzfaktor angewandt.<\/p>\n","protected":false},"excerpt":{"rendered":"<p>Durch t\u00e4gliches Eincremen mit RAPID BRONZ ist die Haut nat\u00fcrlich gesch\u00fctzt und der Br\u00e4unungsprozess findet w\u00e4hrend des gesamten Jahres statt, auch dann, wenn die Sonnenstrahlung weniger<span class=\"excerpt-hellip\"> [\u2026]<\/span><\/p>\n","protected":false},"author":2,"featured_media":0,"parent":42,"menu_order":12,"comment_status":"closed","ping_status":"closed","template":"","meta":[],"_links":{"self":[{"href":"https:\/\/rapidbronz.com\/de\/wp-json\/wp\/v2\/pages\/139\/"}],"collection":[{"href":"https:\/\/rapidbronz.com\/de\/wp-json\/wp\/v2\/pages\/"}],"about":[{"href":"https:\/\/rapidbronz.com\/de\/wp-json\/wp\/v2\/types\/page\/"}],"author":[{"embeddable":true,"href":"https:\/\/rapidbronz.com\/de\/wp-json\/wp\/v2\/users\/2\/"}],"replies":[{"embeddable":true,"href":"https:\/\/rapidbronz.com\/de\/wp-json\/wp\/v2\/comments\/?post=139"}],"version-history":[{"count":0,"href":"https:\/\/rapidbronz.com\/de\/wp-json\/wp\/v2\/pages\/139\/revisions\/"}],"up":[{"embeddable":true,"href":"https:\/\/rapidbronz.com\/de\/wp-json\/wp\/v2\/pages\/42\/"}],"wp:attachment":[{"href":"https:\/\/rapidbronz.com\/de\/wp-json\/wp\/v2\/media\/?parent=139"}],"curies":[{"name":"wp","href":"https:\/\/api.w.org\/{rel}","templated":true}]}}