{"id":148,"date":"2013-02-02T11:49:08","date_gmt":"2013-02-02T11:49:08","guid":{"rendered":"https:\/\/rapidbronz.com\/?page_id=148"},"modified":"2013-02-02T11:49:08","modified_gmt":"2013-02-02T11:49:08","slug":"empfohlen-a","status":"publish","type":"page","link":"https:\/\/rapidbronz.com\/de\/rapid-bronz-2\/empfohlen-a\/","title":{"rendered":"EMPFOHLEN A"},"content":{"rendered":"<p style=\"text-align: center;\"><span><img loading=\"lazy\" class=\" size-full wp-image-143\" src=\"https:\/\/rapidbronz.com\/wp-content\/uploads\/2013\/02\/images_RapidBronz.jpg\" width=\"280\" height=\"205\" alt=\"RapidBronz\" \/><\/span><\/p>\n<p><span style=\"line-height: 1.3em;\">Die Creme ist f\u00fcr alle Hauttypen geeignet, besonders aber f\u00fcr helle und empfindliche Haut. Daneben empfehlen wir die Creme Personen, die die Hautbr\u00e4unung optimieren und l\u00e4ngere Zeit erhalten wollen.<\/span><\/p>\n<p>Die Anwendung der Creme RAPID BRONZ zur Unterst\u00fctzung der nat\u00fcrlichen Hautschutzfunktion ist besonders f\u00fcr Personen geeignet, die immer h\u00e4ufiger Sonnenschutzcremes mit einem hohen Lichtschutzfaktor benutzen, denn bei regelm\u00e4\u00dfiger Anwendung der Creme RAPID BRONZ wird ein Gleichgewicht der nat\u00fcrlichen Schutzmechanismen hergestellt.<\/p>\n<p>Ebenso wird die Anwendung der Creme Personen empfohlen, die w\u00e4hrend des gesamten Jahres \u00f6fter ultravioletter Strahlung ausgesetzt sind.<\/p>\n","protected":false},"excerpt":{"rendered":"<p>Die Creme ist f\u00fcr alle Hauttypen geeignet, besonders aber f\u00fcr helle und empfindliche Haut. Daneben empfehlen wir die Creme Personen, die die Hautbr\u00e4unung optimieren und l\u00e4ngere<span class=\"excerpt-hellip\"> [\u2026]<\/span><\/p>\n","protected":false},"author":2,"featured_media":0,"parent":42,"menu_order":15,"comment_status":"closed","ping_status":"closed","template":"","meta":[],"_links":{"self":[{"href":"https:\/\/rapidbronz.com\/de\/wp-json\/wp\/v2\/pages\/148\/"}],"collection":[{"href":"https:\/\/rapidbronz.com\/de\/wp-json\/wp\/v2\/pages\/"}],"about":[{"href":"https:\/\/rapidbronz.com\/de\/wp-json\/wp\/v2\/types\/page\/"}],"author":[{"embeddable":true,"href":"https:\/\/rapidbronz.com\/de\/wp-json\/wp\/v2\/users\/2\/"}],"replies":[{"embeddable":true,"href":"https:\/\/rapidbronz.com\/de\/wp-json\/wp\/v2\/comments\/?post=148"}],"version-history":[{"count":0,"href":"https:\/\/rapidbronz.com\/de\/wp-json\/wp\/v2\/pages\/148\/revisions\/"}],"up":[{"embeddable":true,"href":"https:\/\/rapidbronz.com\/de\/wp-json\/wp\/v2\/pages\/42\/"}],"wp:attachment":[{"href":"https:\/\/rapidbronz.com\/de\/wp-json\/wp\/v2\/media\/?parent=148"}],"curies":[{"name":"wp","href":"https:\/\/api.w.org\/{rel}","templated":true}]}}