{"id":16,"date":"2013-02-02T11:49:08","date_gmt":"2013-02-02T11:49:08","guid":{"rendered":"https:\/\/rapidbronz.com\/?page_id=16"},"modified":"2013-02-02T11:49:08","modified_gmt":"2013-02-02T11:49:08","slug":"einleitung","status":"publish","type":"page","link":"https:\/\/rapidbronz.com\/de\/einleitung\/","title":{"rendered":"EINLEITUNG"},"content":{"rendered":"<p style=\"text-align: center;\"><span><img loading=\"lazy\" class=\" size-full wp-image-11\" src=\"https:\/\/rapidbronz.com\/wp-content\/uploads\/2013\/02\/images_Introduzione_400.png\" width=\"350\" height=\"341\" alt=\"Introduzione 400\" srcset=\"https:\/\/rapidbronz.com\/wp-content\/uploads\/2013\/02\/images_Introduzione_400.png 350w, https:\/\/rapidbronz.com\/wp-content\/uploads\/2013\/02\/images_Introduzione_400-300x292.png 300w\" sizes=\"(max-width: 350px) 100vw, 350px\" \/><\/span><\/p>\n<p>Im Fr\u00fchjahr w\u00fcnschen wir uns Sonne und eine frische, gebr\u00e4unte Haut. Sonnenbaden kann angenehm und gesund sein. Die Sonnenstrahlen binden Kalzium in den Knochen und wirken als starkes, nat\u00fcrliches Bakterizid. F\u00fcr die Gesundheit und Sch\u00f6nheit ist das Sonnenbaden optimal, wenn dabei kein Sonnenbrand entsteht. Wenn wir also unsere Haut den Sonnenstrahlen aussetzen, ist es nur verst\u00e4ndlich, dass wir uns fragen, welcher Sonnenschutz f\u00fcr unsere Haut der beste Schutz ist. Dabei ist es n\u00fctzlich zu wissen, dass in unserer Haut das Pigment Melanin vorhanden ist. Dieses Pigment stellt eine nat\u00fcrliche L\u00f6sung beim Schutz vor den sch\u00e4dlichen Einfl\u00fcssen der Sonnenstrahlen dar.<\/p>\n","protected":false},"excerpt":{"rendered":"<p>Im Fr\u00fchjahr w\u00fcnschen wir uns Sonne und eine frische, gebr\u00e4unte Haut. Sonnenbaden kann angenehm und gesund sein. Die Sonnenstrahlen binden Kalzium in den Knochen und wirken<span class=\"excerpt-hellip\"> [\u2026]<\/span><\/p>\n","protected":false},"author":2,"featured_media":0,"parent":0,"menu_order":16,"comment_status":"closed","ping_status":"closed","template":"","meta":[],"_links":{"self":[{"href":"https:\/\/rapidbronz.com\/de\/wp-json\/wp\/v2\/pages\/16\/"}],"collection":[{"href":"https:\/\/rapidbronz.com\/de\/wp-json\/wp\/v2\/pages\/"}],"about":[{"href":"https:\/\/rapidbronz.com\/de\/wp-json\/wp\/v2\/types\/page\/"}],"author":[{"embeddable":true,"href":"https:\/\/rapidbronz.com\/de\/wp-json\/wp\/v2\/users\/2\/"}],"replies":[{"embeddable":true,"href":"https:\/\/rapidbronz.com\/de\/wp-json\/wp\/v2\/comments\/?post=16"}],"version-history":[{"count":0,"href":"https:\/\/rapidbronz.com\/de\/wp-json\/wp\/v2\/pages\/16\/revisions\/"}],"wp:attachment":[{"href":"https:\/\/rapidbronz.com\/de\/wp-json\/wp\/v2\/media\/?parent=16"}],"curies":[{"name":"wp","href":"https:\/\/api.w.org\/{rel}","templated":true}]}}