{"id":25,"date":"2013-02-02T11:49:22","date_gmt":"2013-02-02T11:49:22","guid":{"rendered":"https:\/\/rapidbronz.com\/?page_id=25"},"modified":"2013-02-02T11:49:22","modified_gmt":"2013-02-02T11:49:22","slug":"philosophie","status":"publish","type":"page","link":"https:\/\/rapidbronz.com\/de\/philosophie\/","title":{"rendered":"PHILOSOPHIE"},"content":{"rendered":"<p style=\"text-align: center;\"><img loading=\"lazy\" class=\" size-full wp-image-20\" src=\"https:\/\/rapidbronz.com\/wp-content\/uploads\/2013\/02\/images_Filosofia_400.png\" width=\"320\" height=\"359\" alt=\"Filosofia 400\" srcset=\"https:\/\/rapidbronz.com\/wp-content\/uploads\/2013\/02\/images_Filosofia_400.png 320w, https:\/\/rapidbronz.com\/wp-content\/uploads\/2013\/02\/images_Filosofia_400-267x300.png 267w\" sizes=\"(max-width: 320px) 100vw, 320px\" \/><\/p>\n<h1 style=\"text-align: center;\">NEUE PHILOSOPHIE<\/h1>\n<p>In den letzten Jahren hat sich immer mehr eine neue Philosophie des Hautschutzes vor UV-Strahlung durchgesetzt, die auf die nat\u00fcrlichen Schutzmechanismen der Haut als Unterst\u00fctzung der Lichtschutzfilter in den Sonnencremes basiert. W\u00e4hrend des Sonnenbadens ist die Bildung von Melanin und die damit verbundene Br\u00e4unung der Haut eine Folge der UVB-Strahlen. Die Geschwindigkeit dieses Prozesses ist von der Geschwindigkeit der Synthese des Melanins und seiner Migration in die Keratinozyten abh\u00e4ngig. Der Basalrhythmus der Bildung des Melanins sowie sein \u00dcbergang in die Keratinozyten dauern ungef\u00e4hr sieben Tage. W\u00e4hrend dieses Prozesses ist unsere Haut ungesch\u00fctzt und der UV-Strahlung stark ausgesetzt. Dies kann zu Hautr\u00f6tungen und zu einem gef\u00e4hrlichen Sonnenbrand f\u00fchren.<\/p>\n<p>&nbsp;<\/p>\n<p>&nbsp;<\/p>\n","protected":false},"excerpt":{"rendered":"<p>NEUE PHILOSOPHIE In den letzten Jahren hat sich immer mehr eine neue Philosophie des Hautschutzes vor UV-Strahlung durchgesetzt, die auf die nat\u00fcrlichen Schutzmechanismen der Haut als<span class=\"excerpt-hellip\"> [\u2026]<\/span><\/p>\n","protected":false},"author":2,"featured_media":0,"parent":0,"menu_order":10,"comment_status":"closed","ping_status":"closed","template":"","meta":[],"_links":{"self":[{"href":"https:\/\/rapidbronz.com\/de\/wp-json\/wp\/v2\/pages\/25\/"}],"collection":[{"href":"https:\/\/rapidbronz.com\/de\/wp-json\/wp\/v2\/pages\/"}],"about":[{"href":"https:\/\/rapidbronz.com\/de\/wp-json\/wp\/v2\/types\/page\/"}],"author":[{"embeddable":true,"href":"https:\/\/rapidbronz.com\/de\/wp-json\/wp\/v2\/users\/2\/"}],"replies":[{"embeddable":true,"href":"https:\/\/rapidbronz.com\/de\/wp-json\/wp\/v2\/comments\/?post=25"}],"version-history":[{"count":0,"href":"https:\/\/rapidbronz.com\/de\/wp-json\/wp\/v2\/pages\/25\/revisions\/"}],"wp:attachment":[{"href":"https:\/\/rapidbronz.com\/de\/wp-json\/wp\/v2\/media\/?parent=25"}],"curies":[{"name":"wp","href":"https:\/\/api.w.org\/{rel}","templated":true}]}}