{"id":42,"date":"2013-02-02T12:04:11","date_gmt":"2013-02-02T12:04:11","guid":{"rendered":"https:\/\/rapidbronz.com\/?page_id=42"},"modified":"2013-02-02T12:04:11","modified_gmt":"2013-02-02T12:04:11","slug":"rapid-bronz-2","status":"publish","type":"page","link":"https:\/\/rapidbronz.com\/de\/rapid-bronz-2\/","title":{"rendered":"RAPID BRONZ"},"content":{"rendered":"<p style=\"text-align: center;\">&nbsp;<\/p>\n<p style=\"text-align: center;\">&nbsp;<img loading=\"lazy\" class=\" size-full wp-image-37\" src=\"https:\/\/rapidbronz.com\/wp-content\/uploads\/2013\/02\/images_RapidBronzVas.jpg\" width=\"500\" height=\"261\" alt=\"RapidBronzVas\" srcset=\"https:\/\/rapidbronz.com\/wp-content\/uploads\/2013\/02\/images_RapidBronzVas.jpg 500w, https:\/\/rapidbronz.com\/wp-content\/uploads\/2013\/02\/images_RapidBronzVas-300x157.jpg 300w\" sizes=\"(max-width: 500px) 100vw, 500px\" \/><\/p>\n<h1 style=\"line-height: normal; text-align: center;\">DAS SONNENSCHUTZPROGRAMM RAPID BRONZ<\/h1>\n<p><span style=\"line-height: 1.3em;\">Das Sonnenschutzprogramm RAPID BRONZ ist mit Hilfe innovativer Biotechnologie, die auf einen Komplex von Substanzen basiert, die in der richtigen Zusammensetzung den nat\u00fcrlichen Pigmentierungsprozess der Haut beschleunigen, konzipiert worden. Die Grundlage des gesamten Programms besteht in der Nutzung dreier aktiver Hauptbestandteile.<\/span><\/p>\n<p><span style=\"line-height: 1.3em;\">1. TYROSIN in Form eines besonderen, l\u00f6slichen Derivats, das tief in die Oberhaut eindringt und sie mit dem Wirkstoff versorgt, der die Biosynthese des Melanins, also der Pigmente, die die Br\u00e4unung der Haut verursachen, aktiviert und die Haut so auf nat\u00fcrliche Weise sch\u00fctzt.<\/span><\/p>\n<p><span style=\"line-height: 1.3em;\">2. DAS VITAMIN B2 wirkt wie ein Photooxidant . Das bedeutet, dass die Oxidationsprozesse, die die Pigmentierung der Haut durch Tyrosin w\u00e4hrend des Sonnenbadens unterst\u00fctzen, angeregt werden.<\/span><\/p>\n<p><span style=\"line-height: 1.3em;\">3. ATP- Coenzym, das Adenosintriphosphat, beschleunigt und erh\u00f6ht die Tyrosinase und folglich auch die Melanogenese. Die Menge des gebildeten Melanins erh\u00f6ht sich und der Br\u00e4unungsprozess der Haut entwickelt sich schneller und intensiver.<\/span><\/p>\n","protected":false},"excerpt":{"rendered":"<p>&nbsp; &nbsp; DAS SONNENSCHUTZPROGRAMM RAPID BRONZ Das Sonnenschutzprogramm RAPID BRONZ ist mit Hilfe innovativer Biotechnologie, die auf einen Komplex von Substanzen basiert, die in der richtigen<span class=\"excerpt-hellip\"> [\u2026]<\/span><\/p>\n","protected":false},"author":2,"featured_media":0,"parent":0,"menu_order":8,"comment_status":"closed","ping_status":"closed","template":"","meta":[],"_links":{"self":[{"href":"https:\/\/rapidbronz.com\/de\/wp-json\/wp\/v2\/pages\/42\/"}],"collection":[{"href":"https:\/\/rapidbronz.com\/de\/wp-json\/wp\/v2\/pages\/"}],"about":[{"href":"https:\/\/rapidbronz.com\/de\/wp-json\/wp\/v2\/types\/page\/"}],"author":[{"embeddable":true,"href":"https:\/\/rapidbronz.com\/de\/wp-json\/wp\/v2\/users\/2\/"}],"replies":[{"embeddable":true,"href":"https:\/\/rapidbronz.com\/de\/wp-json\/wp\/v2\/comments\/?post=42"}],"version-history":[{"count":0,"href":"https:\/\/rapidbronz.com\/de\/wp-json\/wp\/v2\/pages\/42\/revisions\/"}],"wp:attachment":[{"href":"https:\/\/rapidbronz.com\/de\/wp-json\/wp\/v2\/media\/?parent=42"}],"curies":[{"name":"wp","href":"https:\/\/api.w.org\/{rel}","templated":true}]}}