{"id":60,"date":"2013-02-10T12:25:44","date_gmt":"2013-02-10T12:25:44","guid":{"rendered":"https:\/\/rapidbronz.com\/?page_id=60"},"modified":"2013-02-10T12:25:44","modified_gmt":"2013-02-10T12:25:44","slug":"unser-natuerlicher-schutz","status":"publish","type":"page","link":"https:\/\/rapidbronz.com\/de\/einleitung\/unser-natuerlicher-schutz\/","title":{"rendered":"UNSER NAT\u00dcRLICHER SCHUTZ"},"content":{"rendered":"<p>&nbsp;<\/p>\n<p>&nbsp;<\/p>\n<p>&nbsp;<\/p>\n<table border=\"0\" cellspacing=\"0\" cellpadding=\"10\">\n<tbody>\n<tr>\n<td style=\"text-align: center;\" valign=\"top\">\n<h1>UNSER NAT\u00dcRLICHER SCHUTZ<\/h1>\n<p style=\"text-align: justify;\"><img loading=\"lazy\" class=\" alignleft size-full wp-image-55\" src=\"https:\/\/rapidbronz.com\/wp-content\/uploads\/2013\/02\/images_Difesa_naturale.png\" width=\"120\" height=\"115\" alt=\"Difesa naturale\" style=\"color: #000000; font-family: Verdana, Arial, Helvetica, sans-serif; font-size: 11px; line-height: normal; text-align: -webkit-center; margin-top: 6px; margin-right: 12px; float: left;\" \/>Unser K\u00f6rper hat die fantastische, nat\u00fcrliche F\u00e4higkeit Melanin zu bilden, sobald er Sonnenstrahlen ausgesetzt wird. Melanin, das von unserer Haut gebildet wird und das f\u00fcr die so sehr gew\u00fcnschte Br\u00e4unung der Haut sorgt, ist ein nat\u00fcrlicher Schutz vor ultravioletten Strahlen. Das Melanin wird in den Melanozyten gebildet, die sich in der Basalzellschicht der Haut befinden und f\u00fcr die Synthese des Melanins verantwortlich sind, welches dann als Melanosom gelagert wird. Nach und nach wird es dann an die Hautzellen abgebeben, wo es einen Schutzschirm bildet, der mehr als 70% der ultravioletten Strahlen absorbiert beziehungsweise abwehrt.<\/p>\n<\/td>\n<\/tr>\n<\/tbody>\n<\/table>\n","protected":false},"excerpt":{"rendered":"<p>&nbsp; &nbsp; &nbsp; UNSER NAT\u00dcRLICHER SCHUTZ Unser K\u00f6rper hat die fantastische, nat\u00fcrliche F\u00e4higkeit Melanin zu bilden, sobald er Sonnenstrahlen ausgesetzt wird. Melanin, das von unserer Haut<span class=\"excerpt-hellip\"> [\u2026]<\/span><\/p>\n","protected":false},"author":2,"featured_media":0,"parent":16,"menu_order":6,"comment_status":"closed","ping_status":"closed","template":"","meta":[],"_links":{"self":[{"href":"https:\/\/rapidbronz.com\/de\/wp-json\/wp\/v2\/pages\/60\/"}],"collection":[{"href":"https:\/\/rapidbronz.com\/de\/wp-json\/wp\/v2\/pages\/"}],"about":[{"href":"https:\/\/rapidbronz.com\/de\/wp-json\/wp\/v2\/types\/page\/"}],"author":[{"embeddable":true,"href":"https:\/\/rapidbronz.com\/de\/wp-json\/wp\/v2\/users\/2\/"}],"replies":[{"embeddable":true,"href":"https:\/\/rapidbronz.com\/de\/wp-json\/wp\/v2\/comments\/?post=60"}],"version-history":[{"count":0,"href":"https:\/\/rapidbronz.com\/de\/wp-json\/wp\/v2\/pages\/60\/revisions\/"}],"up":[{"embeddable":true,"href":"https:\/\/rapidbronz.com\/de\/wp-json\/wp\/v2\/pages\/16\/"}],"wp:attachment":[{"href":"https:\/\/rapidbronz.com\/de\/wp-json\/wp\/v2\/media\/?parent=60"}],"curies":[{"name":"wp","href":"https:\/\/api.w.org\/{rel}","templated":true}]}}