{"id":69,"date":"2013-02-10T12:25:44","date_gmt":"2013-02-10T12:25:44","guid":{"rendered":"https:\/\/rapidbronz.com\/?page_id=69"},"modified":"2013-02-10T12:25:44","modified_gmt":"2013-02-10T12:25:44","slug":"die-wirkungsweise-der-melanozyten","status":"publish","type":"page","link":"https:\/\/rapidbronz.com\/de\/einleitung\/die-wirkungsweise-der-melanozyten\/","title":{"rendered":"DIE WIRKUNGSWEISE DER MELANOZYTEN"},"content":{"rendered":"<p>&nbsp;<\/p>\n<p>&nbsp;<\/p>\n<p>&nbsp;<\/p>\n<table border=\"0\" cellspacing=\"0\" cellpadding=\"10\">\n<tbody>\n<tr>\n<td style=\"text-align: center;\" valign=\"top\">\n<h1>DIE WIRKUNGSWEISE DER MELANOZYTEN<\/h1>\n<p style=\"text-align: justify;\"><img loading=\"lazy\" class=\" alignleft size-full wp-image-64\" src=\"https:\/\/rapidbronz.com\/wp-content\/uploads\/2013\/02\/images_Melanociti.png\" width=\"137\" height=\"180\" alt=\"Melanociti\" style=\"color: #000000; font-family: Verdana, Arial, Helvetica, sans-serif; font-size: 11px; line-height: normal; text-align: -webkit-center; margin-top: 6px; margin-right: 8px; float: left;\" \/>Alle Menschen haben eine \u00e4hnlich hohe Konzentration von Melanozyten in der Haut, deren Aktivit\u00e4t sich jedoch je nach Zugeh\u00f6rigkeit des einzelnen Menschen zu den verschiedenen ethnischen Gruppen unterscheidet. Auch die H\u00e4ufigkeit, die ein Mensch den ultravioletten Strahlen ausgesetzt ist, nimmt starken Einfluss auf die Bildung des Melanins. Bei Menschen, die den Sonnenstrahlen \u00f6fter ausgesetzt sind, ist die Menge des gebildeten Melanins h\u00f6her als bei Menschen, die seltener in der Sonne sind oder einen Sonnenschutz mit hohem Lichtschutzfaktor benutzen. Es ist nicht allgemein bekannt, dass die Anwendung von hohen Lichtschutzfaktoren die Melaninbildung behindert oder verlangsamt und auf diese Art und Weise der nat\u00fcrliche Schutzprozess der Haut blockiert wird. Je h\u00f6her der Lichtschutzfaktor ist, umso l\u00e4nger muss man den Sonnenstrahlen ausgesetzt sein, bevor der nat\u00fcrliche Schutzprozess aktiviert wird.<\/p>\n<\/td>\n<\/tr>\n<\/tbody>\n<\/table>\n","protected":false},"excerpt":{"rendered":"<p>&nbsp; &nbsp; &nbsp; DIE WIRKUNGSWEISE DER MELANOZYTEN Alle Menschen haben eine \u00e4hnlich hohe Konzentration von Melanozyten in der Haut, deren Aktivit\u00e4t sich jedoch je nach Zugeh\u00f6rigkeit<span class=\"excerpt-hellip\"> [\u2026]<\/span><\/p>\n","protected":false},"author":2,"featured_media":0,"parent":16,"menu_order":5,"comment_status":"closed","ping_status":"closed","template":"","meta":[],"_links":{"self":[{"href":"https:\/\/rapidbronz.com\/de\/wp-json\/wp\/v2\/pages\/69\/"}],"collection":[{"href":"https:\/\/rapidbronz.com\/de\/wp-json\/wp\/v2\/pages\/"}],"about":[{"href":"https:\/\/rapidbronz.com\/de\/wp-json\/wp\/v2\/types\/page\/"}],"author":[{"embeddable":true,"href":"https:\/\/rapidbronz.com\/de\/wp-json\/wp\/v2\/users\/2\/"}],"replies":[{"embeddable":true,"href":"https:\/\/rapidbronz.com\/de\/wp-json\/wp\/v2\/comments\/?post=69"}],"version-history":[{"count":0,"href":"https:\/\/rapidbronz.com\/de\/wp-json\/wp\/v2\/pages\/69\/revisions\/"}],"up":[{"embeddable":true,"href":"https:\/\/rapidbronz.com\/de\/wp-json\/wp\/v2\/pages\/16\/"}],"wp:attachment":[{"href":"https:\/\/rapidbronz.com\/de\/wp-json\/wp\/v2\/media\/?parent=69"}],"curies":[{"name":"wp","href":"https:\/\/api.w.org\/{rel}","templated":true}]}}