{"id":78,"date":"2013-02-10T12:25:44","date_gmt":"2013-02-10T12:25:44","guid":{"rendered":"https:\/\/rapidbronz.com\/?page_id=78"},"modified":"2013-02-10T12:25:44","modified_gmt":"2013-02-10T12:25:44","slug":"melanogenese","status":"publish","type":"page","link":"https:\/\/rapidbronz.com\/de\/einleitung\/melanogenese\/","title":{"rendered":"MELANOGENESE"},"content":{"rendered":"<p>&nbsp;<\/p>\n<p>&nbsp;<\/p>\n<p>&nbsp;<\/p>\n<table border=\"0\" cellspacing=\"0\" cellpadding=\"10\">\n<tbody>\n<tr>\n<td style=\"text-align: center;\" valign=\"top\">\n<h1>MELANOGENESE<\/h1>\n<p style=\"text-align: justify;\"><img loading=\"lazy\" class=\" alignleft size-full wp-image-73\" src=\"https:\/\/rapidbronz.com\/wp-content\/uploads\/2013\/02\/images_MELANOGENESI.png\" width=\"250\" height=\"185\" alt=\"MELANOGENESI\" style=\"color: #000000; font-family: Verdana, Arial, Helvetica, sans-serif; font-size: 11px; line-height: normal; text-align: -webkit-center; margin: 6px 6px 0px 0px; float: left;\" \/><span style=\"text-align: center; line-height: 1.3em;\">Der Photoschutz der Haut ist von einem korrekten photochemischen Prozess abh\u00e4ngig, der die Energie der UV-Strahlen umwandelt. Das nat\u00fcrliche Melanin wird durch den Metabolismus der Aminos\u00e4ure Tyrozin, die eine starke Schutzwirkung hat, produziert. Melanin wird durch einen biochemischen Prozess, der Melanogenese, gebildet. Dieser Prozess findet in den Melanozyten statt und zwar durch die Synthese des Enzyms Tyrosinase, das die Aminos\u00e4ure Tyrozin in Melanin umwandelt. Melanin wird in Melanosome synthetisiert, die \u00fcber Erweiterungen der Melanozyten migrieren und aus der Basalzellschicht in die Keratinozyten der oberen Hautschichten abgegeben werden. Hier verteilt sich das Melanin um die Zellkerne herum und sch\u00fctzt sie vor sch\u00e4dlicher UV-Strahlung.<\/span><\/p>\n<\/td>\n<\/tr>\n<\/tbody>\n<\/table>\n","protected":false},"excerpt":{"rendered":"<p>&nbsp; &nbsp; &nbsp; MELANOGENESE Der Photoschutz der Haut ist von einem korrekten photochemischen Prozess abh\u00e4ngig, der die Energie der UV-Strahlen umwandelt. Das nat\u00fcrliche Melanin wird durch<span class=\"excerpt-hellip\"> [\u2026]<\/span><\/p>\n","protected":false},"author":2,"featured_media":0,"parent":16,"menu_order":2,"comment_status":"closed","ping_status":"closed","template":"","meta":[],"_links":{"self":[{"href":"https:\/\/rapidbronz.com\/de\/wp-json\/wp\/v2\/pages\/78\/"}],"collection":[{"href":"https:\/\/rapidbronz.com\/de\/wp-json\/wp\/v2\/pages\/"}],"about":[{"href":"https:\/\/rapidbronz.com\/de\/wp-json\/wp\/v2\/types\/page\/"}],"author":[{"embeddable":true,"href":"https:\/\/rapidbronz.com\/de\/wp-json\/wp\/v2\/users\/2\/"}],"replies":[{"embeddable":true,"href":"https:\/\/rapidbronz.com\/de\/wp-json\/wp\/v2\/comments\/?post=78"}],"version-history":[{"count":0,"href":"https:\/\/rapidbronz.com\/de\/wp-json\/wp\/v2\/pages\/78\/revisions\/"}],"up":[{"embeddable":true,"href":"https:\/\/rapidbronz.com\/de\/wp-json\/wp\/v2\/pages\/16\/"}],"wp:attachment":[{"href":"https:\/\/rapidbronz.com\/de\/wp-json\/wp\/v2\/media\/?parent=78"}],"curies":[{"name":"wp","href":"https:\/\/api.w.org\/{rel}","templated":true}]}}