{"id":87,"date":"2013-02-10T12:25:44","date_gmt":"2013-02-10T12:25:44","guid":{"rendered":"https:\/\/rapidbronz.com\/?page_id=87"},"modified":"2013-02-10T12:25:44","modified_gmt":"2013-02-10T12:25:44","slug":"die-schutzfunktion-des-melanins","status":"publish","type":"page","link":"https:\/\/rapidbronz.com\/de\/einleitung\/die-schutzfunktion-des-melanins\/","title":{"rendered":"DIE SCHUTZFUNKTION DES MELANINS"},"content":{"rendered":"<p>&nbsp;<\/p>\n<p>&nbsp;<\/p>\n<p>&nbsp;<\/p>\n<table border=\"0\" cellspacing=\"0\" cellpadding=\"10\">\n<tbody>\n<tr>\n<td style=\"text-align: center;\" valign=\"top\">\n<h1>DIE SCHUTZFUNKTION DES MELANINS<\/h1>\n<p style=\"text-align: justify;\"><img loading=\"lazy\" class=\" alignleft size-full wp-image-82\" src=\"https:\/\/rapidbronz.com\/wp-content\/uploads\/2013\/02\/images_Melanina.png\" width=\"200\" height=\"260\" alt=\"Melanina\" style=\"color: #000000; font-family: Verdana, Arial, Helvetica, sans-serif; font-size: 11px; line-height: normal; text-align: -webkit-center; margin-top: 6px; margin-right: 6px; float: left;\" \/><span style=\"text-align: center; line-height: 1.3em;\">Das Melanin \u00fcbt \u00fcber folgende physiologische Mechanismen eine Schutzfunktion aus:<\/span><\/p>\n<p style=\"text-align: justify;\"><span style=\"line-height: 1.3em;\">1. <strong>Die Diffusion bzw. die Streuung des Lichtes<\/strong>: Die Melanink\u00f6rner befinden sich in der verhornten und in der vitalen Schicht der Oberhaut und k\u00f6nnen die Wirkung der Sonnenstrahlen verringern.<\/span><\/p>\n<p style=\"text-align: justify;\"><span style=\"line-height: 1.3em;\">2. <strong>Das Absorbieren der Sonnenstrahlenenergie<\/strong>: Das Melanin absorbiert eine gr\u00f6\u00dfere Menge an Sonnenstrahlen und wandelt sie in W\u00e4rme um. Es sch\u00fctzt die lebenden Zellen vor einem erh\u00f6hten Einfluss der Sonnenstrahlen.<\/span><\/p>\n<p style=\"text-align: justify;\"><span style=\"line-height: 1.3em;\">3. <strong>Die Aktivierung der Oxydation<\/strong>: Melanink\u00f6rner, die sich in den Zellen der Oberhaut befinden, absorbieren die sch\u00e4dlichen Sonnenstrahlen, bevor diese den empfindlichen Zellkern erreichen. Ebenso verhindert Melanin wirkungsvoll das Entstehen freier Radikaler und wirkt so der Hautalterung entgegen.<\/span><\/p>\n<\/td>\n<\/tr>\n<\/tbody>\n<\/table>\n","protected":false},"excerpt":{"rendered":"<p>&nbsp; &nbsp; &nbsp; DIE SCHUTZFUNKTION DES MELANINS Das Melanin \u00fcbt \u00fcber folgende physiologische Mechanismen eine Schutzfunktion aus: 1. Die Diffusion bzw. die Streuung des Lichtes: Die<span class=\"excerpt-hellip\"> [\u2026]<\/span><\/p>\n","protected":false},"author":2,"featured_media":0,"parent":16,"menu_order":4,"comment_status":"closed","ping_status":"closed","template":"","meta":[],"_links":{"self":[{"href":"https:\/\/rapidbronz.com\/de\/wp-json\/wp\/v2\/pages\/87\/"}],"collection":[{"href":"https:\/\/rapidbronz.com\/de\/wp-json\/wp\/v2\/pages\/"}],"about":[{"href":"https:\/\/rapidbronz.com\/de\/wp-json\/wp\/v2\/types\/page\/"}],"author":[{"embeddable":true,"href":"https:\/\/rapidbronz.com\/de\/wp-json\/wp\/v2\/users\/2\/"}],"replies":[{"embeddable":true,"href":"https:\/\/rapidbronz.com\/de\/wp-json\/wp\/v2\/comments\/?post=87"}],"version-history":[{"count":0,"href":"https:\/\/rapidbronz.com\/de\/wp-json\/wp\/v2\/pages\/87\/revisions\/"}],"up":[{"embeddable":true,"href":"https:\/\/rapidbronz.com\/de\/wp-json\/wp\/v2\/pages\/16\/"}],"wp:attachment":[{"href":"https:\/\/rapidbronz.com\/de\/wp-json\/wp\/v2\/media\/?parent=87"}],"curies":[{"name":"wp","href":"https:\/\/api.w.org\/{rel}","templated":true}]}}