{"id":96,"date":"2013-02-10T12:25:44","date_gmt":"2013-02-10T12:25:44","guid":{"rendered":"https:\/\/rapidbronz.com\/?page_id=96"},"modified":"2013-02-10T12:25:44","modified_gmt":"2013-02-10T12:25:44","slug":"vorbereitung-der-haut-auf-die-sonne","status":"publish","type":"page","link":"https:\/\/rapidbronz.com\/de\/philosophie\/vorbereitung-der-haut-auf-die-sonne\/","title":{"rendered":"VORBEREITUNG DER HAUT AUF DIE SONNE"},"content":{"rendered":"<p>&nbsp;<\/p>\n<p>&nbsp;<\/p>\n<p>&nbsp;<\/p>\n<table border=\"0\" cellspacing=\"0\" cellpadding=\"10\">\n<tbody>\n<tr>\n<td style=\"text-align: center;\" valign=\"top\">\n<h1>VORBEREITUNG DER HAUT AUF DIE SONNE<\/h1>\n<p style=\"text-align: justify;\"><img loading=\"lazy\" class=\" alignleft size-full wp-image-91\" src=\"https:\/\/rapidbronz.com\/wp-content\/uploads\/2013\/02\/images_FASE_ABBRONZATURA.gif\" width=\"133\" height=\"121\" alt=\"FASE ABBRONZATURA\" style=\"color: #000000; font-family: Verdana, Arial, Helvetica, sans-serif; font-size: 11px; line-height: normal; text-align: -webkit-center; margin-top: 6px; margin-right: 12px; float: left;\" \/>Ein Hautschutz, der auf den nat\u00fcrlichen Schutzmechanismus basiert, ist eine effektive Unterst\u00fctzung f\u00fcr Sonnenschutzcremes mit hohem Lichtschutzfaktor. Diesen nat\u00fcrlichen Prozess kann man durch die Stimulierung des nat\u00fcrlichen Metabolismus aktivieren. Erreicht wird dies durch t\u00e4gliches Auftragen von funktional aktiven Wirkstoffen auf die Haut. Die Mechanismen der Melanogenese werden beschleunigt. Die Melaninbildung kann also so stimuliert werden, dass die Haut schon von Beginn an vor den sch\u00e4dlichen UV- Strahlen auf nat\u00fcrliche Weise gesch\u00fctzt ist.<\/p>\n<\/td>\n<\/tr>\n<\/tbody>\n<\/table>\n","protected":false},"excerpt":{"rendered":"<p>&nbsp; &nbsp; &nbsp; VORBEREITUNG DER HAUT AUF DIE SONNE Ein Hautschutz, der auf den nat\u00fcrlichen Schutzmechanismus basiert, ist eine effektive Unterst\u00fctzung f\u00fcr Sonnenschutzcremes mit hohem Lichtschutzfaktor.<span class=\"excerpt-hellip\"> [\u2026]<\/span><\/p>\n","protected":false},"author":2,"featured_media":0,"parent":25,"menu_order":3,"comment_status":"closed","ping_status":"closed","template":"","meta":[],"_links":{"self":[{"href":"https:\/\/rapidbronz.com\/de\/wp-json\/wp\/v2\/pages\/96\/"}],"collection":[{"href":"https:\/\/rapidbronz.com\/de\/wp-json\/wp\/v2\/pages\/"}],"about":[{"href":"https:\/\/rapidbronz.com\/de\/wp-json\/wp\/v2\/types\/page\/"}],"author":[{"embeddable":true,"href":"https:\/\/rapidbronz.com\/de\/wp-json\/wp\/v2\/users\/2\/"}],"replies":[{"embeddable":true,"href":"https:\/\/rapidbronz.com\/de\/wp-json\/wp\/v2\/comments\/?post=96"}],"version-history":[{"count":0,"href":"https:\/\/rapidbronz.com\/de\/wp-json\/wp\/v2\/pages\/96\/revisions\/"}],"up":[{"embeddable":true,"href":"https:\/\/rapidbronz.com\/de\/wp-json\/wp\/v2\/pages\/25\/"}],"wp:attachment":[{"href":"https:\/\/rapidbronz.com\/de\/wp-json\/wp\/v2\/media\/?parent=96"}],"curies":[{"name":"wp","href":"https:\/\/api.w.org\/{rel}","templated":true}]}}