{"id":107,"date":"2013-02-02T11:49:08","date_gmt":"2013-02-02T11:49:08","guid":{"rendered":"https:\/\/rapidbronz.com\/?page_id=107"},"modified":"2013-02-02T11:49:08","modified_gmt":"2013-02-02T11:49:08","slug":"los-resultados","status":"publish","type":"page","link":"https:\/\/rapidbronz.com\/es\/los-resultados\/","title":{"rendered":"LOS RESULTADOS"},"content":{"rendered":"<p style=\"text-align: center;\"><span><img loading=\"lazy\" class=\" size-full wp-image-100\" src=\"https:\/\/rapidbronz.com\/wp-content\/uploads\/2013\/02\/images_I_Test.png\" width=\"454\" height=\"441\" alt=\"I Test\" srcset=\"https:\/\/rapidbronz.com\/wp-content\/uploads\/2013\/02\/images_I_Test.png 454w, https:\/\/rapidbronz.com\/wp-content\/uploads\/2013\/02\/images_I_Test-300x291.png 300w\" sizes=\"(max-width: 454px) 100vw, 454px\" \/><\/span><\/p>\n<p>La capacidad biol\u00f3gica de la crema RAPID BRONZ para activar la melanog\u00e9nesis ha sido testada a trav\u00e9s de test cl\u00ednico-dermatol\u00f3gicos. Los an\u00e1lisis comparativos realizados utilizando un CROMAT\u00d3METRO LF 90 permiten establecer que, utilizando la crema solar RAPID BRONZ es posible obtener un aumento de la disponibilidad biol\u00f3gica de melanina, favoreciendo as\u00ed el proceso natural de pigmentaci\u00f3n.<\/p>\n","protected":false},"excerpt":{"rendered":"<p>La capacidad biol\u00f3gica de la crema RAPID BRONZ para activar la melanog\u00e9nesis ha sido testada a trav\u00e9s de test cl\u00ednico-dermatol\u00f3gicos. Los an\u00e1lisis comparativos realizados utilizando un<span class=\"excerpt-hellip\"> [\u2026]<\/span><\/p>\n","protected":false},"author":2,"featured_media":0,"parent":0,"menu_order":14,"comment_status":"closed","ping_status":"closed","template":"","meta":[],"_links":{"self":[{"href":"https:\/\/rapidbronz.com\/es\/wp-json\/wp\/v2\/pages\/107\/"}],"collection":[{"href":"https:\/\/rapidbronz.com\/es\/wp-json\/wp\/v2\/pages\/"}],"about":[{"href":"https:\/\/rapidbronz.com\/es\/wp-json\/wp\/v2\/types\/page\/"}],"author":[{"embeddable":true,"href":"https:\/\/rapidbronz.com\/es\/wp-json\/wp\/v2\/users\/2\/"}],"replies":[{"embeddable":true,"href":"https:\/\/rapidbronz.com\/es\/wp-json\/wp\/v2\/comments\/?post=107"}],"version-history":[{"count":0,"href":"https:\/\/rapidbronz.com\/es\/wp-json\/wp\/v2\/pages\/107\/revisions\/"}],"wp:attachment":[{"href":"https:\/\/rapidbronz.com\/es\/wp-json\/wp\/v2\/media\/?parent=107"}],"curies":[{"name":"wp","href":"https:\/\/api.w.org\/{rel}","templated":true}]}}