{"id":116,"date":"2013-02-02T11:49:08","date_gmt":"2013-02-02T11:49:08","guid":{"rendered":"https:\/\/rapidbronz.com\/?page_id=116"},"modified":"2013-02-02T11:49:08","modified_gmt":"2013-02-02T11:49:08","slug":"la-funcion","status":"publish","type":"page","link":"https:\/\/rapidbronz.com\/es\/rapid-bronz-2\/la-funcion\/","title":{"rendered":"LA FUNCI\u00d3N"},"content":{"rendered":"<p style=\"text-align: center;\"><span><img loading=\"lazy\" class=\" size-full wp-image-109\" src=\"https:\/\/rapidbronz.com\/wp-content\/uploads\/2013\/02\/images_LA-FUNZIONE.png\" width=\"429\" height=\"369\" alt=\"LA-FUNZIONE\" srcset=\"https:\/\/rapidbronz.com\/wp-content\/uploads\/2013\/02\/images_LA-FUNZIONE.png 429w, https:\/\/rapidbronz.com\/wp-content\/uploads\/2013\/02\/images_LA-FUNZIONE-300x258.png 300w\" sizes=\"(max-width: 429px) 100vw, 429px\" \/><\/span><\/p>\n<p><span style=\"line-height: 1.3em;\">A la tierra llegan los rayos UVA y UVB. Los rayos UVA penetran profundamente en la epidermis y atacan a las c\u00e9lulas provocando un envejecimiento cut\u00e1neo precoz. Los rayos UVB penetran menos profundamente en la piel, estimulan la producci\u00f3n de la melanina en los melanocitos favoreciendo la protecci\u00f3n natural de la piel. Este proceso se realiza en una media de 7 d\u00edas. Durante este periodo la piel est\u00e1 expuesta a los rayos UVA y UVB, los cuales provocan rojeces, irritaciones y eritemas solares.<\/span><\/p>\n<p>El uso de RAPID BRONZ para aumentar la protecci\u00f3n natural es capaz de provocar y acelerar la tirosinasis. Cuando la piel se expone a los rayos solares el proceso de la melanog\u00e9nesis est\u00e1 ya activado, por lo que la piel estar\u00e1 r\u00e1pidamente protegida de un modo natural, desde las primeras horas de exposici\u00f3n al sol.<br \/>LA FUNCI\u00d3N DE RAPID BRONZ<\/p>\n","protected":false},"excerpt":{"rendered":"<p>A la tierra llegan los rayos UVA y UVB. Los rayos UVA penetran profundamente en la epidermis y atacan a las c\u00e9lulas provocando un envejecimiento cut\u00e1neo<span class=\"excerpt-hellip\"> [\u2026]<\/span><\/p>\n","protected":false},"author":2,"featured_media":0,"parent":44,"menu_order":13,"comment_status":"closed","ping_status":"closed","template":"","meta":[],"_links":{"self":[{"href":"https:\/\/rapidbronz.com\/es\/wp-json\/wp\/v2\/pages\/116\/"}],"collection":[{"href":"https:\/\/rapidbronz.com\/es\/wp-json\/wp\/v2\/pages\/"}],"about":[{"href":"https:\/\/rapidbronz.com\/es\/wp-json\/wp\/v2\/types\/page\/"}],"author":[{"embeddable":true,"href":"https:\/\/rapidbronz.com\/es\/wp-json\/wp\/v2\/users\/2\/"}],"replies":[{"embeddable":true,"href":"https:\/\/rapidbronz.com\/es\/wp-json\/wp\/v2\/comments\/?post=116"}],"version-history":[{"count":0,"href":"https:\/\/rapidbronz.com\/es\/wp-json\/wp\/v2\/pages\/116\/revisions\/"}],"up":[{"embeddable":true,"href":"https:\/\/rapidbronz.com\/es\/wp-json\/wp\/v2\/pages\/44\/"}],"wp:attachment":[{"href":"https:\/\/rapidbronz.com\/es\/wp-json\/wp\/v2\/media\/?parent=116"}],"curies":[{"name":"wp","href":"https:\/\/api.w.org\/{rel}","templated":true}]}}