{"id":131,"date":"2013-02-02T11:49:08","date_gmt":"2013-02-02T11:49:08","guid":{"rendered":"https:\/\/rapidbronz.com\/?page_id=131"},"modified":"2013-02-02T11:49:08","modified_gmt":"2013-02-02T11:49:08","slug":"las-ventajas","status":"publish","type":"page","link":"https:\/\/rapidbronz.com\/es\/rapid-bronz-2\/las-ventajas\/","title":{"rendered":"LAS VENTAJAS"},"content":{"rendered":"<p style=\"text-align: center;\"><span><img loading=\"lazy\" class=\" size-full wp-image-130\" src=\"https:\/\/rapidbronz.com\/wp-content\/uploads\/2013\/02\/images_I-VANTAGGI_ES.gif\" width=\"550\" height=\"200\" alt=\"I-VANTAGGI ES\" \/><\/span><\/p>\n<p><span style=\"line-height: 1.3em;\">El uso de la crema RAPID BRONZ incrementa la disponibilidad biol\u00f3gica de la melanina, favoreciendo el proceso natural de la pigmentaci\u00f3n y como consecuencia el aumento de la protecci\u00f3n de la piel, preveniendo eventuales rojeces y eritemas solares. Adem\u00e1s, permite un bronceado de la piel r\u00e1pido, m\u00e1s homog\u00e9neo e intenso.<\/span><\/p>\n<p>RAPID BRONZ prepara la piel para la exposici\u00f3n solar y permite utilizar una crema con filtro protector m\u00e1s bajo. Adem\u00e1s, podremos estar menos tiempo al sol obteniendo un bronceado mucho m\u00e1s r\u00e1pido e intenso.<\/p>\n","protected":false},"excerpt":{"rendered":"<p>El uso de la crema RAPID BRONZ incrementa la disponibilidad biol\u00f3gica de la melanina, favoreciendo el proceso natural de la pigmentaci\u00f3n y como consecuencia el aumento<span class=\"excerpt-hellip\"> [\u2026]<\/span><\/p>\n","protected":false},"author":2,"featured_media":0,"parent":44,"menu_order":11,"comment_status":"closed","ping_status":"closed","template":"","meta":[],"_links":{"self":[{"href":"https:\/\/rapidbronz.com\/es\/wp-json\/wp\/v2\/pages\/131\/"}],"collection":[{"href":"https:\/\/rapidbronz.com\/es\/wp-json\/wp\/v2\/pages\/"}],"about":[{"href":"https:\/\/rapidbronz.com\/es\/wp-json\/wp\/v2\/types\/page\/"}],"author":[{"embeddable":true,"href":"https:\/\/rapidbronz.com\/es\/wp-json\/wp\/v2\/users\/2\/"}],"replies":[{"embeddable":true,"href":"https:\/\/rapidbronz.com\/es\/wp-json\/wp\/v2\/comments\/?post=131"}],"version-history":[{"count":0,"href":"https:\/\/rapidbronz.com\/es\/wp-json\/wp\/v2\/pages\/131\/revisions\/"}],"up":[{"embeddable":true,"href":"https:\/\/rapidbronz.com\/es\/wp-json\/wp\/v2\/pages\/44\/"}],"wp:attachment":[{"href":"https:\/\/rapidbronz.com\/es\/wp-json\/wp\/v2\/media\/?parent=131"}],"curies":[{"name":"wp","href":"https:\/\/api.w.org\/{rel}","templated":true}]}}