{"id":141,"date":"2013-02-02T11:49:08","date_gmt":"2013-02-02T11:49:08","guid":{"rendered":"https:\/\/rapidbronz.com\/?page_id=141"},"modified":"2013-02-02T11:49:08","modified_gmt":"2013-02-02T11:49:08","slug":"como-utilizar","status":"publish","type":"page","link":"https:\/\/rapidbronz.com\/es\/rapid-bronz-2\/como-utilizar\/","title":{"rendered":"C\u00d3MO UTILIZAR"},"content":{"rendered":"<p style=\"text-align: center;\"><span><img loading=\"lazy\" class=\" size-full wp-image-134\" src=\"https:\/\/rapidbronz.com\/wp-content\/uploads\/2013\/02\/images_IMPIEGO.jpg\" width=\"300\" height=\"242\" alt=\"IMPIEGO\" \/><\/span><\/p>\n<p>Con una aplicaci\u00f3n diaria de RAPID BRONZ durante todo el ano, la piel estar\u00e1 protegida de un modo natural y bronceada incluso en las estaciones en las cuales la luz solar es menos fuerte. Adem\u00e1s, permite una prevenci\u00f3n natural de futuras rojeces y quemaduras.<\/p>\n<p>Como m\u00ednimo durante unos d\u00edas antes de la exposici\u00f3n solar aplicar RAPID BRONZ a diario para preparar y activar el proceso de protecci\u00f3n natural. Durante los d\u00edas de exposici\u00f3n solar, aplicar primero el RAPID BRONZ y despu\u00e9s los factores de protecci\u00f3n indicados seg\u00fan el tipo de piel, para una mayor protecci\u00f3n y un bronceado mejor y m\u00e1s r\u00e1pido.<\/p>\n","protected":false},"excerpt":{"rendered":"<p>Con una aplicaci\u00f3n diaria de RAPID BRONZ durante todo el ano, la piel estar\u00e1 protegida de un modo natural y bronceada incluso en las estaciones en<span class=\"excerpt-hellip\"> [\u2026]<\/span><\/p>\n","protected":false},"author":2,"featured_media":0,"parent":44,"menu_order":12,"comment_status":"closed","ping_status":"closed","template":"","meta":[],"_links":{"self":[{"href":"https:\/\/rapidbronz.com\/es\/wp-json\/wp\/v2\/pages\/141\/"}],"collection":[{"href":"https:\/\/rapidbronz.com\/es\/wp-json\/wp\/v2\/pages\/"}],"about":[{"href":"https:\/\/rapidbronz.com\/es\/wp-json\/wp\/v2\/types\/page\/"}],"author":[{"embeddable":true,"href":"https:\/\/rapidbronz.com\/es\/wp-json\/wp\/v2\/users\/2\/"}],"replies":[{"embeddable":true,"href":"https:\/\/rapidbronz.com\/es\/wp-json\/wp\/v2\/comments\/?post=141"}],"version-history":[{"count":0,"href":"https:\/\/rapidbronz.com\/es\/wp-json\/wp\/v2\/pages\/141\/revisions\/"}],"up":[{"embeddable":true,"href":"https:\/\/rapidbronz.com\/es\/wp-json\/wp\/v2\/pages\/44\/"}],"wp:attachment":[{"href":"https:\/\/rapidbronz.com\/es\/wp-json\/wp\/v2\/media\/?parent=141"}],"curies":[{"name":"wp","href":"https:\/\/api.w.org\/{rel}","templated":true}]}}