{"id":27,"date":"2013-02-02T11:49:22","date_gmt":"2013-02-02T11:49:22","guid":{"rendered":"https:\/\/rapidbronz.com\/?page_id=27"},"modified":"2013-02-02T11:49:22","modified_gmt":"2013-02-02T11:49:22","slug":"filosofia-2","status":"publish","type":"page","link":"https:\/\/rapidbronz.com\/es\/filosofia-2\/","title":{"rendered":"FILOSOF\u00cdA"},"content":{"rendered":"<p style=\"text-align: center;\"><img loading=\"lazy\" class=\" size-full wp-image-20\" src=\"https:\/\/rapidbronz.com\/wp-content\/uploads\/2013\/02\/images_Filosofia_400.png\" width=\"320\" height=\"359\" alt=\"Filosofia 400\" srcset=\"https:\/\/rapidbronz.com\/wp-content\/uploads\/2013\/02\/images_Filosofia_400.png 320w, https:\/\/rapidbronz.com\/wp-content\/uploads\/2013\/02\/images_Filosofia_400-267x300.png 267w\" sizes=\"(max-width: 320px) 100vw, 320px\" \/><\/p>\n<h1 style=\"text-align: center;\">NUEVA FILOSOF\u00cdA<\/h1>\n<p>En los \u00faltimos anos, cada vez adquiere m\u00e1s importancia la nueva filosof\u00eda de protecci\u00f3n de la piel contra los rayos UV, basada en el mecanismo de la protecci\u00f3n natural de la piel, como soporte muy \u00fatil al filtro de protecci\u00f3n de las cremas solares. Durante la exposici\u00f3n solar la producci\u00f3n de melanina y la consecuente pigmentaci\u00f3n cut\u00e1nea de color moreno est\u00e1 determinada por los rayos UVB. La rapidez con la que se realiza este proceso depende de la velocidad de s\u00edntesis de la melanina y de su traslado a los queratinocitos, aunque tiene una duraci\u00f3n media de 7 d\u00edas. Durante este periodo la piel no est\u00e1 protegida y est\u00e1 expuesta a los rayos ultravioletas del sol con posibilidad de sufrir rojeces cut\u00e1neas y eritemas muy peligrosos.<\/p>\n<p>&nbsp;<\/p>\n","protected":false},"excerpt":{"rendered":"<p>NUEVA FILOSOF\u00cdA En los \u00faltimos anos, cada vez adquiere m\u00e1s importancia la nueva filosof\u00eda de protecci\u00f3n de la piel contra los rayos UV, basada en el<span class=\"excerpt-hellip\"> [\u2026]<\/span><\/p>\n","protected":false},"author":2,"featured_media":0,"parent":0,"menu_order":10,"comment_status":"closed","ping_status":"closed","template":"","meta":[],"_links":{"self":[{"href":"https:\/\/rapidbronz.com\/es\/wp-json\/wp\/v2\/pages\/27\/"}],"collection":[{"href":"https:\/\/rapidbronz.com\/es\/wp-json\/wp\/v2\/pages\/"}],"about":[{"href":"https:\/\/rapidbronz.com\/es\/wp-json\/wp\/v2\/types\/page\/"}],"author":[{"embeddable":true,"href":"https:\/\/rapidbronz.com\/es\/wp-json\/wp\/v2\/users\/2\/"}],"replies":[{"embeddable":true,"href":"https:\/\/rapidbronz.com\/es\/wp-json\/wp\/v2\/comments\/?post=27"}],"version-history":[{"count":0,"href":"https:\/\/rapidbronz.com\/es\/wp-json\/wp\/v2\/pages\/27\/revisions\/"}],"wp:attachment":[{"href":"https:\/\/rapidbronz.com\/es\/wp-json\/wp\/v2\/media\/?parent=27"}],"curies":[{"name":"wp","href":"https:\/\/api.w.org\/{rel}","templated":true}]}}