{"id":44,"date":"2013-02-02T12:04:11","date_gmt":"2013-02-02T12:04:11","guid":{"rendered":"https:\/\/rapidbronz.com\/?page_id=44"},"modified":"2013-02-02T12:04:11","modified_gmt":"2013-02-02T12:04:11","slug":"rapid-bronz-2","status":"publish","type":"page","link":"https:\/\/rapidbronz.com\/es\/rapid-bronz-2\/","title":{"rendered":"RAPID BRONZ"},"content":{"rendered":"<p style=\"text-align: center;\">&nbsp;<\/p>\n<p style=\"text-align: center;\">&nbsp;<img loading=\"lazy\" class=\" size-full wp-image-37\" src=\"https:\/\/rapidbronz.com\/wp-content\/uploads\/2013\/02\/images_RapidBronzVas.jpg\" width=\"500\" height=\"261\" alt=\"RapidBronzVas\" srcset=\"https:\/\/rapidbronz.com\/wp-content\/uploads\/2013\/02\/images_RapidBronzVas.jpg 500w, https:\/\/rapidbronz.com\/wp-content\/uploads\/2013\/02\/images_RapidBronzVas-300x157.jpg 300w\" sizes=\"(max-width: 500px) 100vw, 500px\" \/><\/p>\n<h1 style=\"line-height: normal; text-align: center;\">PROGRAMA SOLAR RAPID BRONZ<\/h1>\n<p><span style=\"line-height: 1.3em;\">El programa solar RAPID BRONZ se ha realizado gracias a las biotecnolog\u00edas innovadoras y est\u00e1 constituido por un complejo de sustancias que, combinadas correctamente entre s\u00ed, aceleran los procesos naturales de pigmentaci\u00f3n de la piel. La base del programa es la presencia de 3 principios activos funcionales.<\/span><\/p>\n<p><span style=\"line-height: 1.3em;\">1. La TIROSINA obtenida en forma de un particular derivado hidrosoluble dotado de una elevada penetraci\u00f3n cut\u00e1nea, pone a disposici\u00f3n de la piel la sustancia necesaria para la activaci\u00f3n de la bios\u00edntesis de la melanina, pigmento que da origen al bronceado y a la protecci\u00f3n natural de la piel.<\/span><\/p>\n<p><span style=\"line-height: 1.3em;\">2. La VITAMINA B2 funciona como activador foto-oxidante. Es decir, acelera los procesos de oxidaci\u00f3n que provocan el desarrollo del pigmento cut\u00e1neo de la tirosina expuesto a la radiaci\u00f3n solar.<\/span><\/p>\n<p>3. El ATP (coenzima adenos\u00edn trifosfato) acelera e incrementa la tirosinasis por lo que la melanog\u00e9nesis comienza m\u00e1s r\u00e1pidamente. En consecuencia, aumenta la cantidad de melanina producida y el proceso del bronceado se realiza de un modo m\u00e1s r\u00e1pido e intenso.<\/p>\n","protected":false},"excerpt":{"rendered":"<p>&nbsp; &nbsp; PROGRAMA SOLAR RAPID BRONZ El programa solar RAPID BRONZ se ha realizado gracias a las biotecnolog\u00edas innovadoras y est\u00e1 constituido por un complejo de<span class=\"excerpt-hellip\"> [\u2026]<\/span><\/p>\n","protected":false},"author":2,"featured_media":0,"parent":0,"menu_order":8,"comment_status":"closed","ping_status":"closed","template":"","meta":[],"_links":{"self":[{"href":"https:\/\/rapidbronz.com\/es\/wp-json\/wp\/v2\/pages\/44\/"}],"collection":[{"href":"https:\/\/rapidbronz.com\/es\/wp-json\/wp\/v2\/pages\/"}],"about":[{"href":"https:\/\/rapidbronz.com\/es\/wp-json\/wp\/v2\/types\/page\/"}],"author":[{"embeddable":true,"href":"https:\/\/rapidbronz.com\/es\/wp-json\/wp\/v2\/users\/2\/"}],"replies":[{"embeddable":true,"href":"https:\/\/rapidbronz.com\/es\/wp-json\/wp\/v2\/comments\/?post=44"}],"version-history":[{"count":0,"href":"https:\/\/rapidbronz.com\/es\/wp-json\/wp\/v2\/pages\/44\/revisions\/"}],"wp:attachment":[{"href":"https:\/\/rapidbronz.com\/es\/wp-json\/wp\/v2\/media\/?parent=44"}],"curies":[{"name":"wp","href":"https:\/\/api.w.org\/{rel}","templated":true}]}}