{"id":62,"date":"2013-02-10T12:25:44","date_gmt":"2013-02-10T12:25:44","guid":{"rendered":"https:\/\/rapidbronz.com\/?page_id=62"},"modified":"2013-02-10T12:25:44","modified_gmt":"2013-02-10T12:25:44","slug":"nuestra-defensa-natural","status":"publish","type":"page","link":"https:\/\/rapidbronz.com\/es\/introduccion\/nuestra-defensa-natural\/","title":{"rendered":"NUESTRA DEFENSA NATURAL"},"content":{"rendered":"<p>&nbsp;<\/p>\n<p>&nbsp;<\/p>\n<p>&nbsp;<\/p>\n<table border=\"0\" cellspacing=\"0\" cellpadding=\"10\">\n<tbody>\n<tr>\n<td style=\"text-align: center;\" valign=\"top\">\n<h1>NUESTRA DEFENSA NATURAL<\/h1>\n<p style=\"text-align: justify;\"><img loading=\"lazy\" class=\" alignleft size-full wp-image-55\" src=\"https:\/\/rapidbronz.com\/wp-content\/uploads\/2013\/02\/images_Difesa_naturale.png\" width=\"120\" height=\"115\" alt=\"Difesa naturale\" style=\"color: #000000; font-family: Verdana, Arial, Helvetica, sans-serif; font-size: 11px; line-height: normal; text-align: -webkit-center; margin-top: 6px; margin-right: 12px; float: left;\" \/>El cuerpo humano tiene una gran propiedad: tras la acci\u00f3n de los rayos solares comienza a producir melanina. La melanina es nuestra defensa natural contra los rayos ultravioletas y aporta a la piel el color bronceado que todos deseamos. La melanina es producida por los melanocitos, que est\u00e1n en el estrato basal de la epidermis. La funci\u00f3n de los melanocitos es la de sintetizar la melanina, que se almacena en los melanosomas que despu\u00e9s se trasladan a las c\u00e9lulas epiteliales de la epidermis donde forman una especie de pantalla protectora absorbiendo y expulsando m\u00e1s del 70% de los rayos ultravioletas.<\/p>\n<\/td>\n<\/tr>\n<\/tbody>\n<\/table>\n","protected":false},"excerpt":{"rendered":"<p>&nbsp; &nbsp; &nbsp; NUESTRA DEFENSA NATURAL El cuerpo humano tiene una gran propiedad: tras la acci\u00f3n de los rayos solares comienza a producir melanina. La melanina<span class=\"excerpt-hellip\"> [\u2026]<\/span><\/p>\n","protected":false},"author":2,"featured_media":0,"parent":18,"menu_order":6,"comment_status":"closed","ping_status":"closed","template":"","meta":[],"_links":{"self":[{"href":"https:\/\/rapidbronz.com\/es\/wp-json\/wp\/v2\/pages\/62\/"}],"collection":[{"href":"https:\/\/rapidbronz.com\/es\/wp-json\/wp\/v2\/pages\/"}],"about":[{"href":"https:\/\/rapidbronz.com\/es\/wp-json\/wp\/v2\/types\/page\/"}],"author":[{"embeddable":true,"href":"https:\/\/rapidbronz.com\/es\/wp-json\/wp\/v2\/users\/2\/"}],"replies":[{"embeddable":true,"href":"https:\/\/rapidbronz.com\/es\/wp-json\/wp\/v2\/comments\/?post=62"}],"version-history":[{"count":0,"href":"https:\/\/rapidbronz.com\/es\/wp-json\/wp\/v2\/pages\/62\/revisions\/"}],"up":[{"embeddable":true,"href":"https:\/\/rapidbronz.com\/es\/wp-json\/wp\/v2\/pages\/18\/"}],"wp:attachment":[{"href":"https:\/\/rapidbronz.com\/es\/wp-json\/wp\/v2\/media\/?parent=62"}],"curies":[{"name":"wp","href":"https:\/\/api.w.org\/{rel}","templated":true}]}}