{"id":71,"date":"2013-02-10T12:25:44","date_gmt":"2013-02-10T12:25:44","guid":{"rendered":"https:\/\/rapidbronz.com\/?page_id=71"},"modified":"2013-02-10T12:25:44","modified_gmt":"2013-02-10T12:25:44","slug":"la-actividad-de-los-melanocitos","status":"publish","type":"page","link":"https:\/\/rapidbronz.com\/es\/introduccion\/la-actividad-de-los-melanocitos\/","title":{"rendered":"LA ACTIVIDAD DE LOS MELANOCITOS"},"content":{"rendered":"<p>&nbsp;<\/p>\n<p>&nbsp;<\/p>\n<p>&nbsp;<\/p>\n<table border=\"0\" cellspacing=\"0\" cellpadding=\"10\">\n<tbody>\n<tr>\n<td style=\"text-align: center;\" valign=\"top\">\n<h1>LA ACTIVIDAD DE LOS MELANOCITOS<\/h1>\n<p style=\"text-align: justify;\"><img loading=\"lazy\" class=\" alignleft size-full wp-image-64\" src=\"https:\/\/rapidbronz.com\/wp-content\/uploads\/2013\/02\/images_Melanociti.png\" width=\"137\" height=\"180\" alt=\"Melanociti\" style=\"color: #000000; font-family: Verdana, Arial, Helvetica, sans-serif; font-size: 11px; line-height: normal; text-align: -webkit-center; margin-top: 6px; margin-right: 8px; float: left;\" \/>Anque todos los seres humanos poseen una concentraci\u00f3n generalmente similar de melanocitos en la piel, la actividad de los melanocitos varia seg\u00fan el grupo \u00e9tnico al que pertenece el individuo. Adem\u00e1s, es muy importante para la formaci\u00f3n de la melanina que la piel est\u00e9 habituada a exponerse a los rayos ultravioletas. En estas personas la producci\u00f3n de la melanina es mucho m\u00e1s elevada y r\u00e1pida que en las personas que raramente se exponen al sol o que utilizan cremas solares con factores de protecci\u00f3n muy altos. Menos sabido es, sin embargo, que los filtros de los rayos solares obstaculizan la formaci\u00f3n de la melanina. El mecanismo natural de protecci\u00f3n de la piel se bloquea. Cuanto m\u00e1s alto es el factor de protecci\u00f3n utilizado, mayor ser\u00e1 el tiempo que un individuo tendr\u00e1 que estar expuesto a la luz solar para activar el proceso natural de protecci\u00f3n.<\/p>\n<\/td>\n<\/tr>\n<\/tbody>\n<\/table>\n","protected":false},"excerpt":{"rendered":"<p>&nbsp; &nbsp; &nbsp; LA ACTIVIDAD DE LOS MELANOCITOS Anque todos los seres humanos poseen una concentraci\u00f3n generalmente similar de melanocitos en la piel, la actividad de<span class=\"excerpt-hellip\"> [\u2026]<\/span><\/p>\n","protected":false},"author":2,"featured_media":0,"parent":18,"menu_order":5,"comment_status":"closed","ping_status":"closed","template":"","meta":[],"_links":{"self":[{"href":"https:\/\/rapidbronz.com\/es\/wp-json\/wp\/v2\/pages\/71\/"}],"collection":[{"href":"https:\/\/rapidbronz.com\/es\/wp-json\/wp\/v2\/pages\/"}],"about":[{"href":"https:\/\/rapidbronz.com\/es\/wp-json\/wp\/v2\/types\/page\/"}],"author":[{"embeddable":true,"href":"https:\/\/rapidbronz.com\/es\/wp-json\/wp\/v2\/users\/2\/"}],"replies":[{"embeddable":true,"href":"https:\/\/rapidbronz.com\/es\/wp-json\/wp\/v2\/comments\/?post=71"}],"version-history":[{"count":0,"href":"https:\/\/rapidbronz.com\/es\/wp-json\/wp\/v2\/pages\/71\/revisions\/"}],"up":[{"embeddable":true,"href":"https:\/\/rapidbronz.com\/es\/wp-json\/wp\/v2\/pages\/18\/"}],"wp:attachment":[{"href":"https:\/\/rapidbronz.com\/es\/wp-json\/wp\/v2\/media\/?parent=71"}],"curies":[{"name":"wp","href":"https:\/\/api.w.org\/{rel}","templated":true}]}}