{"id":80,"date":"2013-02-10T12:25:44","date_gmt":"2013-02-10T12:25:44","guid":{"rendered":"https:\/\/rapidbronz.com\/?page_id=80"},"modified":"2013-02-10T12:25:44","modified_gmt":"2013-02-10T12:25:44","slug":"la-melanogenesis","status":"publish","type":"page","link":"https:\/\/rapidbronz.com\/es\/introduccion\/la-melanogenesis\/","title":{"rendered":"LA MELANOG\u00c9NESIS"},"content":{"rendered":"<p>&nbsp;<\/p>\n<p>&nbsp;<\/p>\n<p>&nbsp;<\/p>\n<table border=\"0\" cellspacing=\"0\" cellpadding=\"10\">\n<tbody>\n<tr>\n<td style=\"text-align: center;\" valign=\"top\">\n<h1>LA MELANOG\u00c9NESIS<\/h1>\n<p style=\"text-align: justify;\"><img loading=\"lazy\" class=\" alignleft size-full wp-image-73\" src=\"https:\/\/rapidbronz.com\/wp-content\/uploads\/2013\/02\/images_MELANOGENESI.png\" width=\"250\" height=\"185\" alt=\"MELANOGENESI\" style=\"color: #000000; font-family: Verdana, Arial, Helvetica, sans-serif; font-size: 11px; line-height: normal; text-align: -webkit-center; margin: 6px 6px 0px 0px; float: left;\" \/>La fotoprotecci\u00f3n de la piel se obtiene a trav\u00e9s de un proceso fotoqu\u00edmico que transforma la energ\u00eda de los rayos UV. La melanina natural producida se forma por el proceso de metabolizaci\u00f3n del amino\u00e1cido tirosina y tiene una funci\u00f3n protectora muy elevada. La formaci\u00f3n de la melanina se produce a trav\u00e9s de un proceso bioqu\u00edmico llamado melanog\u00e9nesis, desarrollado por los melanocitos que sintetizan la enzima tirosinasa, la cual es capaz de transformar el amino\u00e1cido de la tirosina en melanina. La melanina se sintetiza en el interior de los melanosomas. Los melanosomas que contienen la melanina migran a trav\u00e9s de las prolongaciones de los melanocitos desplazandose desde el estrato basal a los estratos superiores de la epidermis, a los queranocitos, en los cuales la melanina desarrolla su funci\u00f3n protectora contra los rayos UV, disponiendose en torno al n\u00facleo celular.<\/p>\n<\/td>\n<\/tr>\n<\/tbody>\n<\/table>\n","protected":false},"excerpt":{"rendered":"<p>&nbsp; &nbsp; &nbsp; LA MELANOG\u00c9NESIS La fotoprotecci\u00f3n de la piel se obtiene a trav\u00e9s de un proceso fotoqu\u00edmico que transforma la energ\u00eda de los rayos UV.<span class=\"excerpt-hellip\"> [\u2026]<\/span><\/p>\n","protected":false},"author":2,"featured_media":0,"parent":18,"menu_order":2,"comment_status":"closed","ping_status":"closed","template":"","meta":[],"_links":{"self":[{"href":"https:\/\/rapidbronz.com\/es\/wp-json\/wp\/v2\/pages\/80\/"}],"collection":[{"href":"https:\/\/rapidbronz.com\/es\/wp-json\/wp\/v2\/pages\/"}],"about":[{"href":"https:\/\/rapidbronz.com\/es\/wp-json\/wp\/v2\/types\/page\/"}],"author":[{"embeddable":true,"href":"https:\/\/rapidbronz.com\/es\/wp-json\/wp\/v2\/users\/2\/"}],"replies":[{"embeddable":true,"href":"https:\/\/rapidbronz.com\/es\/wp-json\/wp\/v2\/comments\/?post=80"}],"version-history":[{"count":0,"href":"https:\/\/rapidbronz.com\/es\/wp-json\/wp\/v2\/pages\/80\/revisions\/"}],"up":[{"embeddable":true,"href":"https:\/\/rapidbronz.com\/es\/wp-json\/wp\/v2\/pages\/18\/"}],"wp:attachment":[{"href":"https:\/\/rapidbronz.com\/es\/wp-json\/wp\/v2\/media\/?parent=80"}],"curies":[{"name":"wp","href":"https:\/\/api.w.org\/{rel}","templated":true}]}}