{"id":89,"date":"2013-02-10T12:25:44","date_gmt":"2013-02-10T12:25:44","guid":{"rendered":"https:\/\/rapidbronz.com\/?page_id=89"},"modified":"2013-02-10T12:25:44","modified_gmt":"2013-02-10T12:25:44","slug":"la-accion-protectora-de-la-melanina","status":"publish","type":"page","link":"https:\/\/rapidbronz.com\/es\/introduccion\/la-accion-protectora-de-la-melanina\/","title":{"rendered":"LA ACCI\u00d3N PROTECTORA DE LA MELANINA"},"content":{"rendered":"<p>&nbsp;<\/p>\n<p>&nbsp;<\/p>\n<p>&nbsp;<\/p>\n<table border=\"0\" cellspacing=\"0\" cellpadding=\"10\">\n<tbody>\n<tr>\n<td style=\"text-align: center;\" valign=\"top\">\n<h1>LA ACCI\u00d3N PROTECTORA DE LA MELANINA<\/h1>\n<p style=\"text-align: justify;\"><img loading=\"lazy\" class=\" alignleft size-full wp-image-82\" src=\"https:\/\/rapidbronz.com\/wp-content\/uploads\/2013\/02\/images_Melanina.png\" width=\"200\" height=\"260\" alt=\"Melanina\" style=\"color: #000000; font-family: Verdana, Arial, Helvetica, sans-serif; font-size: 11px; line-height: normal; text-align: -webkit-center; margin-top: 6px; margin-right: 6px; float: left;\" \/><span style=\"text-align: center; line-height: 1.3em;\">La melanina ejerce su acci\u00f3n protectora a trav\u00e9s de los siguientes mecanismos:<\/span><\/p>\n<p style=\"text-align: justify;\">1. <strong>Difusi\u00f3n de la luz<\/strong>: Los gr\u00e1nulos de melanina est\u00e1n distribuidos tanto en el estrato c\u00f3rneo como en los estratos vitales de la epidermis por lo que pueden reducir el impacto de la radiaci\u00f3n solar.<br \/>2. <strong>Absorci\u00f3n de la energ\u00eda radiante<\/strong>: La melanina absorbe una cuota significativa de la energ\u00eda radiante, disipandola en forma de calor. Protege las c\u00e9lulas vivas de la piel frente al aumento de la radiaci\u00f3n.<br \/>3. <strong>Activaci\u00f3n de la oxidaci\u00f3n<\/strong>: La localizaci\u00f3n de la melanina en las c\u00e9lulas de la epidermis permite a los gr\u00e1nulos de pigmento absorber la energ\u00eda radiante de los rayos solares antes de que pueda alcanzar los n\u00facleos vulnerables de las c\u00e9lulas. La melanina neutraliza eficazmente la producci\u00f3n de los radicales libres, preveniendo el envejecimiento cut\u00e1neo.<\/p>\n<\/td>\n<\/tr>\n<\/tbody>\n<\/table>\n","protected":false},"excerpt":{"rendered":"<p>&nbsp; &nbsp; &nbsp; LA ACCI\u00d3N PROTECTORA DE LA MELANINA La melanina ejerce su acci\u00f3n protectora a trav\u00e9s de los siguientes mecanismos: 1. Difusi\u00f3n de la luz:<span class=\"excerpt-hellip\"> [\u2026]<\/span><\/p>\n","protected":false},"author":2,"featured_media":0,"parent":18,"menu_order":4,"comment_status":"closed","ping_status":"closed","template":"","meta":[],"_links":{"self":[{"href":"https:\/\/rapidbronz.com\/es\/wp-json\/wp\/v2\/pages\/89\/"}],"collection":[{"href":"https:\/\/rapidbronz.com\/es\/wp-json\/wp\/v2\/pages\/"}],"about":[{"href":"https:\/\/rapidbronz.com\/es\/wp-json\/wp\/v2\/types\/page\/"}],"author":[{"embeddable":true,"href":"https:\/\/rapidbronz.com\/es\/wp-json\/wp\/v2\/users\/2\/"}],"replies":[{"embeddable":true,"href":"https:\/\/rapidbronz.com\/es\/wp-json\/wp\/v2\/comments\/?post=89"}],"version-history":[{"count":0,"href":"https:\/\/rapidbronz.com\/es\/wp-json\/wp\/v2\/pages\/89\/revisions\/"}],"up":[{"embeddable":true,"href":"https:\/\/rapidbronz.com\/es\/wp-json\/wp\/v2\/pages\/18\/"}],"wp:attachment":[{"href":"https:\/\/rapidbronz.com\/es\/wp-json\/wp\/v2\/media\/?parent=89"}],"curies":[{"name":"wp","href":"https:\/\/api.w.org\/{rel}","templated":true}]}}