{"id":98,"date":"2013-02-10T12:25:44","date_gmt":"2013-02-10T12:25:44","guid":{"rendered":"https:\/\/rapidbronz.com\/?page_id=98"},"modified":"2013-02-10T12:25:44","modified_gmt":"2013-02-10T12:25:44","slug":"preparar-la-piel-al-sol","status":"publish","type":"page","link":"https:\/\/rapidbronz.com\/es\/filosofia-2\/preparar-la-piel-al-sol\/","title":{"rendered":"PREPARAR LA PIEL AL SOL"},"content":{"rendered":"<p>&nbsp;<\/p>\n<p>&nbsp;<\/p>\n<p>&nbsp;<\/p>\n<table border=\"0\" cellspacing=\"0\" cellpadding=\"10\">\n<tbody>\n<tr>\n<td style=\"text-align: center;\" valign=\"top\">\n<h1>PREPARAR LA PIEL AL SOL<\/h1>\n<p style=\"text-align: justify;\"><img loading=\"lazy\" class=\" alignleft size-full wp-image-91\" src=\"https:\/\/rapidbronz.com\/wp-content\/uploads\/2013\/02\/images_FASE_ABBRONZATURA.gif\" width=\"133\" height=\"121\" alt=\"FASE ABBRONZATURA\" style=\"color: #000000; font-family: Verdana, Arial, Helvetica, sans-serif; font-size: 11px; line-height: normal; text-align: -webkit-center; margin-top: 6px; margin-right: 12px; float: left;\" \/>La protecci\u00f3n solar basada en el mecanismo natural de protecci\u00f3n de la piel es un soporte muy \u00fatil para las cremas con filtro solar. Este proceso se puede activar estimulando el metabolismo natural de la piel, a trav\u00e9s de aplicaciones cut\u00e1neas diarias de principios activos funcionales que aceleran el mecanismo de la melanog\u00e9nesis. De este modo, la producci\u00f3n de melanina puede ser r\u00e1pidamente estimulada ya desde las primeras exposiciones al sol con el objetivo de producir inmediatamente una protecci\u00f3n cut\u00e1nea eficaz.<\/p>\n<\/td>\n<\/tr>\n<\/tbody>\n<\/table>\n","protected":false},"excerpt":{"rendered":"<p>&nbsp; &nbsp; &nbsp; PREPARAR LA PIEL AL SOL La protecci\u00f3n solar basada en el mecanismo natural de protecci\u00f3n de la piel es un soporte muy \u00fatil<span class=\"excerpt-hellip\"> [\u2026]<\/span><\/p>\n","protected":false},"author":2,"featured_media":0,"parent":27,"menu_order":3,"comment_status":"closed","ping_status":"closed","template":"","meta":[],"_links":{"self":[{"href":"https:\/\/rapidbronz.com\/es\/wp-json\/wp\/v2\/pages\/98\/"}],"collection":[{"href":"https:\/\/rapidbronz.com\/es\/wp-json\/wp\/v2\/pages\/"}],"about":[{"href":"https:\/\/rapidbronz.com\/es\/wp-json\/wp\/v2\/types\/page\/"}],"author":[{"embeddable":true,"href":"https:\/\/rapidbronz.com\/es\/wp-json\/wp\/v2\/users\/2\/"}],"replies":[{"embeddable":true,"href":"https:\/\/rapidbronz.com\/es\/wp-json\/wp\/v2\/comments\/?post=98"}],"version-history":[{"count":0,"href":"https:\/\/rapidbronz.com\/es\/wp-json\/wp\/v2\/pages\/98\/revisions\/"}],"up":[{"embeddable":true,"href":"https:\/\/rapidbronz.com\/es\/wp-json\/wp\/v2\/pages\/27\/"}],"wp:attachment":[{"href":"https:\/\/rapidbronz.com\/es\/wp-json\/wp\/v2\/media\/?parent=98"}],"curies":[{"name":"wp","href":"https:\/\/api.w.org\/{rel}","templated":true}]}}