{"id":113,"date":"2013-02-02T11:49:08","date_gmt":"2013-02-02T11:49:08","guid":{"rendered":"https:\/\/rapidbronz.com\/?page_id=113"},"modified":"2013-02-02T11:49:08","modified_gmt":"2013-02-02T11:49:08","slug":"djelovanje","status":"publish","type":"page","link":"https:\/\/rapidbronz.com\/hr\/rapid-bronz-2\/djelovanje\/","title":{"rendered":"DJELOVANJE"},"content":{"rendered":"<p style=\"text-align: center;\"><span><img loading=\"lazy\" class=\" size-full wp-image-109\" src=\"https:\/\/rapidbronz.com\/wp-content\/uploads\/2013\/02\/images_LA-FUNZIONE.png\" width=\"429\" height=\"369\" alt=\"LA-FUNZIONE\" srcset=\"https:\/\/rapidbronz.com\/wp-content\/uploads\/2013\/02\/images_LA-FUNZIONE.png 429w, https:\/\/rapidbronz.com\/wp-content\/uploads\/2013\/02\/images_LA-FUNZIONE-300x258.png 300w\" sizes=\"(max-width: 429px) 100vw, 429px\" \/><\/span><\/p>\n<p><span style=\"line-height: 1.3em;\">Kroz na\u0161u atmosferu do zemlje dolaze UVA i UVB zrake. UVA zrake prodiru duboko u epidermu, poga\u0111aju stanice i uzrokuju ubrzano starenje ko\u017ee. UVB zrake prodiru manje duboko u ko\u017eu, stimuliraju prirodnu proizvodnju melanina i pove\u0107avaju prirodnu za\u0161titu ko\u017ee. Taj proces traje otprilike sedam dana. U to vrijeme ko\u017ea je pod utjecajem UVA i UVB zraka te dolazi do crvenila, alergija i sun\u010danih eritema.<\/span><\/p>\n<p>Kori\u0161tenje RAPID BRONZA prije izlaganja suncu, kao potpora prirodnoj za\u0161titi ko\u017ee, pokre\u0107e i ubrzava tirozinazu. Na taj je na\u010din proces melanogeneze ve\u0107 pokrenut za vrijeme izlaganja suncu i ko\u017ea je prirodno za\u0161ti\u0107ena ve\u0107 od prvih izlaganja.<\/p>\n","protected":false},"excerpt":{"rendered":"<p>Kroz na\u0161u atmosferu do zemlje dolaze UVA i UVB zrake. UVA zrake prodiru duboko u epidermu, poga\u0111aju stanice i uzrokuju ubrzano starenje ko\u017ee. UVB zrake prodiru<span class=\"excerpt-hellip\"> [\u2026]<\/span><\/p>\n","protected":false},"author":2,"featured_media":0,"parent":41,"menu_order":13,"comment_status":"closed","ping_status":"closed","template":"","meta":[],"_links":{"self":[{"href":"https:\/\/rapidbronz.com\/hr\/wp-json\/wp\/v2\/pages\/113\/"}],"collection":[{"href":"https:\/\/rapidbronz.com\/hr\/wp-json\/wp\/v2\/pages\/"}],"about":[{"href":"https:\/\/rapidbronz.com\/hr\/wp-json\/wp\/v2\/types\/page\/"}],"author":[{"embeddable":true,"href":"https:\/\/rapidbronz.com\/hr\/wp-json\/wp\/v2\/users\/2\/"}],"replies":[{"embeddable":true,"href":"https:\/\/rapidbronz.com\/hr\/wp-json\/wp\/v2\/comments\/?post=113"}],"version-history":[{"count":0,"href":"https:\/\/rapidbronz.com\/hr\/wp-json\/wp\/v2\/pages\/113\/revisions\/"}],"up":[{"embeddable":true,"href":"https:\/\/rapidbronz.com\/hr\/wp-json\/wp\/v2\/pages\/41\/"}],"wp:attachment":[{"href":"https:\/\/rapidbronz.com\/hr\/wp-json\/wp\/v2\/media\/?parent=113"}],"curies":[{"name":"wp","href":"https:\/\/api.w.org\/{rel}","templated":true}]}}