{"id":138,"date":"2013-02-02T11:49:08","date_gmt":"2013-02-02T11:49:08","guid":{"rendered":"https:\/\/rapidbronz.com\/?page_id=138"},"modified":"2013-02-02T11:49:08","modified_gmt":"2013-02-02T11:49:08","slug":"uporaba","status":"publish","type":"page","link":"https:\/\/rapidbronz.com\/hr\/rapid-bronz-2\/uporaba\/","title":{"rendered":"UPORABA"},"content":{"rendered":"<p style=\"text-align: center;\"><span><img loading=\"lazy\" class=\" size-full wp-image-134\" src=\"https:\/\/rapidbronz.com\/wp-content\/uploads\/2013\/02\/images_IMPIEGO.jpg\" width=\"300\" height=\"242\" alt=\"IMPIEGO\" \/><\/span><\/p>\n<p><span style=\"line-height: 1.3em;\">Dnevnim nano\u0161enjem RAPID BRONZA ko\u017ea je prirodno za\u0161ti\u0107ena i preplanula cijelu godinu, \u010dak i u doba godine kada je sun\u010deve svjetlosti manje. To omogu\u0107uje prirodno sprje\u010davanje crvenila i opeklina.<\/span><\/p>\n<p>Kremu treba nanositi ujutro i nave\u010der najmanje tjedan dana prije izlaganja suncu, kako biste ko\u017eu pripremili i potakli prirodni proces za\u0161tite.<br \/>Kremu koristite za vrijeme sun\u010danja u kombinaciji sa za\u0161titnim faktorima primjerenima va\u0161em tipu ko\u017ee.<\/p>\n","protected":false},"excerpt":{"rendered":"<p>Dnevnim nano\u0161enjem RAPID BRONZA ko\u017ea je prirodno za\u0161ti\u0107ena i preplanula cijelu godinu, \u010dak i u doba godine kada je sun\u010deve svjetlosti manje. To omogu\u0107uje prirodno sprje\u010davanje<span class=\"excerpt-hellip\"> [\u2026]<\/span><\/p>\n","protected":false},"author":2,"featured_media":0,"parent":41,"menu_order":12,"comment_status":"closed","ping_status":"closed","template":"","meta":[],"_links":{"self":[{"href":"https:\/\/rapidbronz.com\/hr\/wp-json\/wp\/v2\/pages\/138\/"}],"collection":[{"href":"https:\/\/rapidbronz.com\/hr\/wp-json\/wp\/v2\/pages\/"}],"about":[{"href":"https:\/\/rapidbronz.com\/hr\/wp-json\/wp\/v2\/types\/page\/"}],"author":[{"embeddable":true,"href":"https:\/\/rapidbronz.com\/hr\/wp-json\/wp\/v2\/users\/2\/"}],"replies":[{"embeddable":true,"href":"https:\/\/rapidbronz.com\/hr\/wp-json\/wp\/v2\/comments\/?post=138"}],"version-history":[{"count":0,"href":"https:\/\/rapidbronz.com\/hr\/wp-json\/wp\/v2\/pages\/138\/revisions\/"}],"up":[{"embeddable":true,"href":"https:\/\/rapidbronz.com\/hr\/wp-json\/wp\/v2\/pages\/41\/"}],"wp:attachment":[{"href":"https:\/\/rapidbronz.com\/hr\/wp-json\/wp\/v2\/media\/?parent=138"}],"curies":[{"name":"wp","href":"https:\/\/api.w.org\/{rel}","templated":true}]}}