{"id":147,"date":"2013-02-02T11:49:08","date_gmt":"2013-02-02T11:49:08","guid":{"rendered":"https:\/\/rapidbronz.com\/?page_id=147"},"modified":"2013-02-02T11:49:08","modified_gmt":"2013-02-02T11:49:08","slug":"preporuceno","status":"publish","type":"page","link":"https:\/\/rapidbronz.com\/hr\/rapid-bronz-2\/preporuceno\/","title":{"rendered":"PREPORU\u010cENO"},"content":{"rendered":"<p style=\"text-align: center;\"><span><img loading=\"lazy\" class=\" size-full wp-image-143\" src=\"https:\/\/rapidbronz.com\/wp-content\/uploads\/2013\/02\/images_RapidBronz.jpg\" width=\"280\" height=\"205\" alt=\"RapidBronz\" \/><\/span><\/p>\n<p><span style=\"line-height: 1.3em;\">Krema je primjerena svim tipovima ko\u017ee, pogotovo svijetlim i osjetljivim. Osim toga, preporu\u010damo je osobama koje \u017eele optimizirati preplanulost i zadr\u017eati je du\u017ee.<\/span><\/p>\n<p>Kori\u0161tenje kreme RAPID BRONZ za poticanje prirodne za\u0161tite ko\u017ee posebno je primjereno za osobe koje sve vi\u0161e koriste kreme sa sve vi\u0161im za\u0161titnim faktorima, jer \u0107e na taj na\u010din uravnote\u017eiti prirodne mehanizme za\u0161tite ko\u017ee od sunca.<br \/>Preporu\u010dljiva je uporaba i osobama koje su izlo\u017eene ultraljubi\u010dastim zrakama sunca kroz cijelu godinu.<\/p>\n","protected":false},"excerpt":{"rendered":"<p>Krema je primjerena svim tipovima ko\u017ee, pogotovo svijetlim i osjetljivim. Osim toga, preporu\u010damo je osobama koje \u017eele optimizirati preplanulost i zadr\u017eati je du\u017ee. Kori\u0161tenje kreme RAPID<span class=\"excerpt-hellip\"> [\u2026]<\/span><\/p>\n","protected":false},"author":2,"featured_media":0,"parent":41,"menu_order":15,"comment_status":"closed","ping_status":"closed","template":"","meta":[],"_links":{"self":[{"href":"https:\/\/rapidbronz.com\/hr\/wp-json\/wp\/v2\/pages\/147\/"}],"collection":[{"href":"https:\/\/rapidbronz.com\/hr\/wp-json\/wp\/v2\/pages\/"}],"about":[{"href":"https:\/\/rapidbronz.com\/hr\/wp-json\/wp\/v2\/types\/page\/"}],"author":[{"embeddable":true,"href":"https:\/\/rapidbronz.com\/hr\/wp-json\/wp\/v2\/users\/2\/"}],"replies":[{"embeddable":true,"href":"https:\/\/rapidbronz.com\/hr\/wp-json\/wp\/v2\/comments\/?post=147"}],"version-history":[{"count":0,"href":"https:\/\/rapidbronz.com\/hr\/wp-json\/wp\/v2\/pages\/147\/revisions\/"}],"up":[{"embeddable":true,"href":"https:\/\/rapidbronz.com\/hr\/wp-json\/wp\/v2\/pages\/41\/"}],"wp:attachment":[{"href":"https:\/\/rapidbronz.com\/hr\/wp-json\/wp\/v2\/media\/?parent=147"}],"curies":[{"name":"wp","href":"https:\/\/api.w.org\/{rel}","templated":true}]}}