{"id":15,"date":"2013-02-02T11:49:08","date_gmt":"2013-02-02T11:49:08","guid":{"rendered":"https:\/\/rapidbronz.com\/?page_id=15"},"modified":"2013-02-02T11:49:08","modified_gmt":"2013-02-02T11:49:08","slug":"uvod","status":"publish","type":"page","link":"https:\/\/rapidbronz.com\/hr\/uvod\/","title":{"rendered":"UVOD"},"content":{"rendered":"<p style=\"text-align: center;\"><span><img loading=\"lazy\" class=\" size-full wp-image-11\" src=\"https:\/\/rapidbronz.com\/wp-content\/uploads\/2013\/02\/images_Introduzione_400.png\" width=\"350\" height=\"341\" alt=\"Introduzione 400\" srcset=\"https:\/\/rapidbronz.com\/wp-content\/uploads\/2013\/02\/images_Introduzione_400.png 350w, https:\/\/rapidbronz.com\/wp-content\/uploads\/2013\/02\/images_Introduzione_400-300x292.png 300w\" sizes=\"(max-width: 350px) 100vw, 350px\" \/><\/span><\/p>\n<p>Svako prolje\u0107e po\u017eelimo si sunca i preplanulosti. Sun\u010danje je ugodno i zdravo. Sun\u010deve zrake omogu\u0107uju vezanje kalcija u kostima i sna\u017ean su prirodni baktericid. Za zdravlje i ljepotu idealno je sun\u010dati se tako da izbjegnemo opekline. Kada smo izlo\u017eeni suncu prirodno je da se upitamo koja je najbolja za\u0161tita za na\u0161u ko\u017eu. &nbsp;Moramo znati, me\u0111utim, da u na\u0161oj ko\u017ei postoji pigment melanin koji je prirodno rje\u0161enje tj. za\u0161tita protiv \u0161tetnih sun\u010devih zraka.<\/p>\n","protected":false},"excerpt":{"rendered":"<p>Svako prolje\u0107e po\u017eelimo si sunca i preplanulosti. Sun\u010danje je ugodno i zdravo. Sun\u010deve zrake omogu\u0107uju vezanje kalcija u kostima i sna\u017ean su prirodni baktericid. Za zdravlje<span class=\"excerpt-hellip\"> [\u2026]<\/span><\/p>\n","protected":false},"author":2,"featured_media":0,"parent":0,"menu_order":16,"comment_status":"closed","ping_status":"closed","template":"","meta":[],"_links":{"self":[{"href":"https:\/\/rapidbronz.com\/hr\/wp-json\/wp\/v2\/pages\/15\/"}],"collection":[{"href":"https:\/\/rapidbronz.com\/hr\/wp-json\/wp\/v2\/pages\/"}],"about":[{"href":"https:\/\/rapidbronz.com\/hr\/wp-json\/wp\/v2\/types\/page\/"}],"author":[{"embeddable":true,"href":"https:\/\/rapidbronz.com\/hr\/wp-json\/wp\/v2\/users\/2\/"}],"replies":[{"embeddable":true,"href":"https:\/\/rapidbronz.com\/hr\/wp-json\/wp\/v2\/comments\/?post=15"}],"version-history":[{"count":0,"href":"https:\/\/rapidbronz.com\/hr\/wp-json\/wp\/v2\/pages\/15\/revisions\/"}],"wp:attachment":[{"href":"https:\/\/rapidbronz.com\/hr\/wp-json\/wp\/v2\/media\/?parent=15"}],"curies":[{"name":"wp","href":"https:\/\/api.w.org\/{rel}","templated":true}]}}