{"id":86,"date":"2013-02-10T12:25:44","date_gmt":"2013-02-10T12:25:44","guid":{"rendered":"https:\/\/rapidbronz.com\/?page_id=86"},"modified":"2013-02-10T12:25:44","modified_gmt":"2013-02-10T12:25:44","slug":"zastitno-djelovanje-melanina","status":"publish","type":"page","link":"https:\/\/rapidbronz.com\/hr\/uvod\/zastitno-djelovanje-melanina\/","title":{"rendered":"ZA\u0160TITNO DJELOVANJE MELANINA"},"content":{"rendered":"<p>&nbsp;<\/p>\n<p>&nbsp;<\/p>\n<p>&nbsp;<\/p>\n<table border=\"0\" cellspacing=\"0\" cellpadding=\"10\">\n<tbody>\n<tr>\n<td style=\"text-align: center;\" valign=\"top\">\n<h1>ZA\u0160TITNO DJELOVANJE MELANINA<\/h1>\n<p style=\"text-align: justify;\"><img loading=\"lazy\" class=\" alignleft size-full wp-image-82\" src=\"https:\/\/rapidbronz.com\/wp-content\/uploads\/2013\/02\/images_Melanina.png\" width=\"200\" height=\"260\" alt=\"Melanina\" style=\"color: #000000; font-family: Verdana, Arial, Helvetica, sans-serif; font-size: 11px; line-height: normal; text-align: -webkit-center; margin-top: 6px; margin-right: 6px; float: left;\" \/><\/p>\n<p style=\"text-align: justify;\">Melanin djeluje za\u0161titno kroz slijede\u0107e fiziolo\u0161ke mehanizme:<\/p>\n<p style=\"text-align: justify;\">1. <strong>Difuzija svijetlosti<\/strong>: granule melanina nalaze se u ro\u017enatom sloju i u vitalnim slojevima epiderme i mogu smanjiti u\u010dinak sun\u010devih zraka.<\/p>\n<p style=\"text-align: justify;\">2. <strong>Apsorpcija sun\u010deve energije<\/strong>: melanin apsorbira zna\u010dajnu koli\u010dinu sun\u010deve energije, pretvaraju\u0107i je u toplinu. \u0160titi \u017eive stanice ko\u017ee od pove\u0107anog zra\u010denja.<\/p>\n<p style=\"text-align: justify;\">3. <strong>Aktivacija oksidacije<\/strong>: granule melanina koje se nalaze u stanicama epiderme apsorbiraju \u0161tetne sun\u010deve zrake prije nego \u0161to do\u0111u do osjetljivih stani\u010dnih jezgri. Melanin tako\u0111er u\u010dinkovito sprje\u010dava nastajanje slobodnih radikala te tako sprje\u010dava starenje ko\u017ee.<\/p>\n<\/td>\n<\/tr>\n<\/tbody>\n<\/table>\n","protected":false},"excerpt":{"rendered":"<p>&nbsp; &nbsp; &nbsp; ZA\u0160TITNO DJELOVANJE MELANINA Melanin djeluje za\u0161titno kroz slijede\u0107e fiziolo\u0161ke mehanizme: 1. Difuzija svijetlosti: granule melanina nalaze se u ro\u017enatom sloju i u vitalnim<span class=\"excerpt-hellip\"> [\u2026]<\/span><\/p>\n","protected":false},"author":2,"featured_media":0,"parent":15,"menu_order":4,"comment_status":"closed","ping_status":"closed","template":"","meta":[],"_links":{"self":[{"href":"https:\/\/rapidbronz.com\/hr\/wp-json\/wp\/v2\/pages\/86\/"}],"collection":[{"href":"https:\/\/rapidbronz.com\/hr\/wp-json\/wp\/v2\/pages\/"}],"about":[{"href":"https:\/\/rapidbronz.com\/hr\/wp-json\/wp\/v2\/types\/page\/"}],"author":[{"embeddable":true,"href":"https:\/\/rapidbronz.com\/hr\/wp-json\/wp\/v2\/users\/2\/"}],"replies":[{"embeddable":true,"href":"https:\/\/rapidbronz.com\/hr\/wp-json\/wp\/v2\/comments\/?post=86"}],"version-history":[{"count":0,"href":"https:\/\/rapidbronz.com\/hr\/wp-json\/wp\/v2\/pages\/86\/revisions\/"}],"up":[{"embeddable":true,"href":"https:\/\/rapidbronz.com\/hr\/wp-json\/wp\/v2\/pages\/15\/"}],"wp:attachment":[{"href":"https:\/\/rapidbronz.com\/hr\/wp-json\/wp\/v2\/media\/?parent=86"}],"curies":[{"name":"wp","href":"https:\/\/api.w.org\/{rel}","templated":true}]}}