{"id":108,"date":"2013-02-02T11:49:08","date_gmt":"2013-02-02T11:49:08","guid":{"rendered":"https:\/\/rapidbronz.com\/?page_id=108"},"modified":"2013-02-02T11:49:08","modified_gmt":"2013-02-02T11:49:08","slug":"test","status":"publish","type":"page","link":"https:\/\/rapidbronz.com\/sl\/test\/","title":{"rendered":"TEST"},"content":{"rendered":"<p style=\"text-align: center;\"><span><img loading=\"lazy\" class=\" size-full wp-image-100\" src=\"https:\/\/rapidbronz.com\/wp-content\/uploads\/2013\/02\/images_I_Test.png\" width=\"454\" height=\"441\" alt=\"I Test\" srcset=\"https:\/\/rapidbronz.com\/wp-content\/uploads\/2013\/02\/images_I_Test.png 454w, https:\/\/rapidbronz.com\/wp-content\/uploads\/2013\/02\/images_I_Test-300x291.png 300w\" sizes=\"(max-width: 454px) 100vw, 454px\" \/><\/span><\/p>\n<p>Biolo\u0161ko delovanje kreme RAPID BRONZ je preverjeno z klini\u010dno-dermatolo\u0161kimi testi., primerjalne analize pa so bile izvedene z &nbsp;KROMAMETROM LF 90. Analize so dokazale da je z uporabo kreme RAPID BRONZ mogo\u010de dose\u010di pove\u010danje biolo\u0161ke koli\u010dine melanina in tako spodbuditi naravni proces pigmentacije.<\/p>\n","protected":false},"excerpt":{"rendered":"<p>Biolo\u0161ko delovanje kreme RAPID BRONZ je preverjeno z klini\u010dno-dermatolo\u0161kimi testi., primerjalne analize pa so bile izvedene z &nbsp;KROMAMETROM LF 90. Analize so dokazale da je z<span class=\"excerpt-hellip\"> [\u2026]<\/span><\/p>\n","protected":false},"author":2,"featured_media":0,"parent":0,"menu_order":14,"comment_status":"closed","ping_status":"closed","template":"","meta":[],"_links":{"self":[{"href":"https:\/\/rapidbronz.com\/sl\/wp-json\/wp\/v2\/pages\/108\/"}],"collection":[{"href":"https:\/\/rapidbronz.com\/sl\/wp-json\/wp\/v2\/pages\/"}],"about":[{"href":"https:\/\/rapidbronz.com\/sl\/wp-json\/wp\/v2\/types\/page\/"}],"author":[{"embeddable":true,"href":"https:\/\/rapidbronz.com\/sl\/wp-json\/wp\/v2\/users\/2\/"}],"replies":[{"embeddable":true,"href":"https:\/\/rapidbronz.com\/sl\/wp-json\/wp\/v2\/comments\/?post=108"}],"version-history":[{"count":0,"href":"https:\/\/rapidbronz.com\/sl\/wp-json\/wp\/v2\/pages\/108\/revisions\/"}],"wp:attachment":[{"href":"https:\/\/rapidbronz.com\/sl\/wp-json\/wp\/v2\/media\/?parent=108"}],"curies":[{"name":"wp","href":"https:\/\/api.w.org\/{rel}","templated":true}]}}