{"id":117,"date":"2013-02-02T11:49:08","date_gmt":"2013-02-02T11:49:08","guid":{"rendered":"https:\/\/rapidbronz.com\/?page_id=117"},"modified":"2013-02-02T11:49:08","modified_gmt":"2013-02-02T11:49:08","slug":"funkcija","status":"publish","type":"page","link":"https:\/\/rapidbronz.com\/sl\/rapid-bronz-2\/funkcija\/","title":{"rendered":"FUNKCIJA"},"content":{"rendered":"<p style=\"text-align: center;\"><span><img loading=\"lazy\" class=\" size-full wp-image-109\" src=\"https:\/\/rapidbronz.com\/wp-content\/uploads\/2013\/02\/images_LA-FUNZIONE.png\" width=\"429\" height=\"369\" alt=\"LA-FUNZIONE\" srcset=\"https:\/\/rapidbronz.com\/wp-content\/uploads\/2013\/02\/images_LA-FUNZIONE.png 429w, https:\/\/rapidbronz.com\/wp-content\/uploads\/2013\/02\/images_LA-FUNZIONE-300x258.png 300w\" sizes=\"(max-width: 429px) 100vw, 429px\" \/><\/span><\/p>\n<p><span style=\"line-height: 1.3em;\">Skozi na\u0161o atmosfero do zemlje prodirajo UVA in UVB \u017earki. UVA \u017earki prodirajo globoko v epidermo, kjer vplivajo na celice in povzro\u010dajo prehitro staranje ko\u017ee. UVB \u017earki ne prodirajo tako globoko v ko\u017eo, stimulirajo naravno proizvodnjo melanina in pove\u010dujejo naravno za\u0161\u010dito ko\u017ee. Ta proces traja pribli\u017eno sedem dni. Med tem \u010dasom je na\u0161a ko\u017ea pod vplivom UVA in UVB \u017earkov, ter lahko prihaja do porde\u010ditve, alergij in son\u010dnih eritemov.<\/span><\/p>\n<p>Z uporabo RAPID BRONZA pred izpostavljenostjo soncu, kot podpora naravni za\u0161\u010diti ko\u017ee, za\u017eene in pospe\u0161uje tirozinazo. Na ta na\u010din je proces melanogeneze \u017ee zagnan v \u010dasu izpostavljenosti soncu in tako je ko\u017ea \u017ee naravno za\u0161\u010ditena med prvo izpostavljenostjo soncu.<\/p>\n","protected":false},"excerpt":{"rendered":"<p>Skozi na\u0161o atmosfero do zemlje prodirajo UVA in UVB \u017earki. UVA \u017earki prodirajo globoko v epidermo, kjer vplivajo na celice in povzro\u010dajo prehitro staranje ko\u017ee. UVB<span class=\"excerpt-hellip\"> [\u2026]<\/span><\/p>\n","protected":false},"author":2,"featured_media":0,"parent":45,"menu_order":13,"comment_status":"closed","ping_status":"closed","template":"","meta":[],"_links":{"self":[{"href":"https:\/\/rapidbronz.com\/sl\/wp-json\/wp\/v2\/pages\/117\/"}],"collection":[{"href":"https:\/\/rapidbronz.com\/sl\/wp-json\/wp\/v2\/pages\/"}],"about":[{"href":"https:\/\/rapidbronz.com\/sl\/wp-json\/wp\/v2\/types\/page\/"}],"author":[{"embeddable":true,"href":"https:\/\/rapidbronz.com\/sl\/wp-json\/wp\/v2\/users\/2\/"}],"replies":[{"embeddable":true,"href":"https:\/\/rapidbronz.com\/sl\/wp-json\/wp\/v2\/comments\/?post=117"}],"version-history":[{"count":0,"href":"https:\/\/rapidbronz.com\/sl\/wp-json\/wp\/v2\/pages\/117\/revisions\/"}],"up":[{"embeddable":true,"href":"https:\/\/rapidbronz.com\/sl\/wp-json\/wp\/v2\/pages\/45\/"}],"wp:attachment":[{"href":"https:\/\/rapidbronz.com\/sl\/wp-json\/wp\/v2\/media\/?parent=117"}],"curies":[{"name":"wp","href":"https:\/\/api.w.org\/{rel}","templated":true}]}}