{"id":133,"date":"2013-02-02T11:49:08","date_gmt":"2013-02-02T11:49:08","guid":{"rendered":"https:\/\/rapidbronz.com\/?page_id=133"},"modified":"2013-02-02T11:49:08","modified_gmt":"2013-02-02T11:49:08","slug":"prednosti","status":"publish","type":"page","link":"https:\/\/rapidbronz.com\/sl\/rapid-bronz-2\/prednosti\/","title":{"rendered":"PREDNOSTI"},"content":{"rendered":"<p style=\"text-align: center;\"><span><img loading=\"lazy\" class=\" size-full wp-image-132\" src=\"https:\/\/rapidbronz.com\/wp-content\/uploads\/2013\/02\/images_I-VANTAGGI_SL.gif\" width=\"550\" height=\"200\" alt=\"I-VANTAGGI SL\" \/><\/span><\/p>\n<p><span style=\"line-height: 1.3em;\">Z uporabo kreme RAPID BRONZ se pove\u010duje biolo\u0161ka koli\u010dina melanina, kar spodbudi naravni proces pigmentacije z posledi\u010dno pove\u010dano naravno za\u0161\u010dito. Na ta na\u010din se prepre\u010duje eventualne porde\u010ditve in son\u010dne iritacije. Posledice tega pa je hitrej\u0161a, intenzivnej\u0161a in bolj enakomerna porjavelost.<\/span><\/p>\n<p>RAPID BRONZ pripravlja ko\u017eo na izpostavljenost soncu in omogo\u010da uporabo kreme z ni\u017ejim za\u0161\u010ditnim faktorjem. Poleg tega nam omogo\u010da da smo na soncu manj \u010dasa in kljub temu dose\u017eemo hitrej\u0161o in intenzivnej\u0161o porjavitev.<\/p>\n","protected":false},"excerpt":{"rendered":"<p>Z uporabo kreme RAPID BRONZ se pove\u010duje biolo\u0161ka koli\u010dina melanina, kar spodbudi naravni proces pigmentacije z posledi\u010dno pove\u010dano naravno za\u0161\u010dito. Na ta na\u010din se prepre\u010duje eventualne<span class=\"excerpt-hellip\"> [\u2026]<\/span><\/p>\n","protected":false},"author":2,"featured_media":0,"parent":45,"menu_order":11,"comment_status":"closed","ping_status":"closed","template":"","meta":[],"_links":{"self":[{"href":"https:\/\/rapidbronz.com\/sl\/wp-json\/wp\/v2\/pages\/133\/"}],"collection":[{"href":"https:\/\/rapidbronz.com\/sl\/wp-json\/wp\/v2\/pages\/"}],"about":[{"href":"https:\/\/rapidbronz.com\/sl\/wp-json\/wp\/v2\/types\/page\/"}],"author":[{"embeddable":true,"href":"https:\/\/rapidbronz.com\/sl\/wp-json\/wp\/v2\/users\/2\/"}],"replies":[{"embeddable":true,"href":"https:\/\/rapidbronz.com\/sl\/wp-json\/wp\/v2\/comments\/?post=133"}],"version-history":[{"count":0,"href":"https:\/\/rapidbronz.com\/sl\/wp-json\/wp\/v2\/pages\/133\/revisions\/"}],"up":[{"embeddable":true,"href":"https:\/\/rapidbronz.com\/sl\/wp-json\/wp\/v2\/pages\/45\/"}],"wp:attachment":[{"href":"https:\/\/rapidbronz.com\/sl\/wp-json\/wp\/v2\/media\/?parent=133"}],"curies":[{"name":"wp","href":"https:\/\/api.w.org\/{rel}","templated":true}]}}