{"id":142,"date":"2013-02-02T11:49:08","date_gmt":"2013-02-02T11:49:08","guid":{"rendered":"https:\/\/rapidbronz.com\/?page_id=142"},"modified":"2013-02-02T11:49:08","modified_gmt":"2013-02-02T11:49:08","slug":"uporaba","status":"publish","type":"page","link":"https:\/\/rapidbronz.com\/sl\/rapid-bronz-2\/uporaba\/","title":{"rendered":"UPORABA"},"content":{"rendered":"<p style=\"text-align: center;\"><span><img loading=\"lazy\" class=\" size-full wp-image-134\" src=\"https:\/\/rapidbronz.com\/wp-content\/uploads\/2013\/02\/images_IMPIEGO.jpg\" width=\"300\" height=\"242\" alt=\"IMPIEGO\" \/><\/span><\/p>\n<p><span style=\"line-height: 1.3em;\">Z dnevnim nanosom kreme RAPID BRONZ ko\u017ea je naravno za\u0161\u010ditena in porjavela celo leto, tudi v obdobjih ko je son\u010dne svetlobe manj. To omogo\u010da naravno prepre\u010devanje porde\u010ditev in opeklin.<\/span><\/p>\n<p>Krem nanesemo zjutraj ali zve\u010der najmanj teden dni pred izpostavljenostjo soncu, da pripravite ko\u017eo in spodbudite naravni proces za\u0161\u010dite.<br \/>Med son\u010denjem kremo uporabljajte v kombinaciji z za\u0161\u010ditnimi faktorji primernimi glede na va\u0161 tip ko\u017ee.<\/p>\n","protected":false},"excerpt":{"rendered":"<p>Z dnevnim nanosom kreme RAPID BRONZ ko\u017ea je naravno za\u0161\u010ditena in porjavela celo leto, tudi v obdobjih ko je son\u010dne svetlobe manj. To omogo\u010da naravno prepre\u010devanje<span class=\"excerpt-hellip\"> [\u2026]<\/span><\/p>\n","protected":false},"author":2,"featured_media":0,"parent":45,"menu_order":12,"comment_status":"closed","ping_status":"closed","template":"","meta":[],"_links":{"self":[{"href":"https:\/\/rapidbronz.com\/sl\/wp-json\/wp\/v2\/pages\/142\/"}],"collection":[{"href":"https:\/\/rapidbronz.com\/sl\/wp-json\/wp\/v2\/pages\/"}],"about":[{"href":"https:\/\/rapidbronz.com\/sl\/wp-json\/wp\/v2\/types\/page\/"}],"author":[{"embeddable":true,"href":"https:\/\/rapidbronz.com\/sl\/wp-json\/wp\/v2\/users\/2\/"}],"replies":[{"embeddable":true,"href":"https:\/\/rapidbronz.com\/sl\/wp-json\/wp\/v2\/comments\/?post=142"}],"version-history":[{"count":0,"href":"https:\/\/rapidbronz.com\/sl\/wp-json\/wp\/v2\/pages\/142\/revisions\/"}],"up":[{"embeddable":true,"href":"https:\/\/rapidbronz.com\/sl\/wp-json\/wp\/v2\/pages\/45\/"}],"wp:attachment":[{"href":"https:\/\/rapidbronz.com\/sl\/wp-json\/wp\/v2\/media\/?parent=142"}],"curies":[{"name":"wp","href":"https:\/\/api.w.org\/{rel}","templated":true}]}}