{"id":151,"date":"2013-02-02T11:49:08","date_gmt":"2013-02-02T11:49:08","guid":{"rendered":"https:\/\/rapidbronz.com\/?page_id=151"},"modified":"2013-02-02T11:49:08","modified_gmt":"2013-02-02T11:49:08","slug":"priporoceno","status":"publish","type":"page","link":"https:\/\/rapidbronz.com\/sl\/rapid-bronz-2\/priporoceno\/","title":{"rendered":"PRIPORO\u010cENO"},"content":{"rendered":"<p style=\"text-align: center;\"><span><img loading=\"lazy\" class=\" size-full wp-image-143\" src=\"https:\/\/rapidbronz.com\/wp-content\/uploads\/2013\/02\/images_RapidBronz.jpg\" width=\"280\" height=\"205\" alt=\"RapidBronz\" \/><\/span><\/p>\n<p><span style=\"line-height: 1.3em;\">Krema je primerna za vse tipe ko\u017ee, \u0161e posebej pa svetlej\u0161im in ob\u010dutljivej\u0161im. Poleg tega jo priporo\u010damo osebam, ki \u017eelijo optimizirati porjavitev in jo tudi dlje zadr\u017eati.<\/span><\/p>\n<p>Uporaba kreme RAPID BRONZ za spodbujanje naravne za\u0161\u010dite ko\u017ee je prav posebej primerno za osebe, ki vse ve\u010d uporabljajo kreme z visokimi za\u0161\u010ditnimi faktorji, saj bodo na ta na\u010din uravnote\u017eili naravne mehanizme za\u0161\u010dite pred soncem.<br \/>Priporo\u010dljiva je uporaba pri osebah, ki so skozi celotno leto izpostavljene ultravijoli\u010dnim \u017earkom.<\/p>\n","protected":false},"excerpt":{"rendered":"<p>Krema je primerna za vse tipe ko\u017ee, \u0161e posebej pa svetlej\u0161im in ob\u010dutljivej\u0161im. Poleg tega jo priporo\u010damo osebam, ki \u017eelijo optimizirati porjavitev in jo tudi dlje<span class=\"excerpt-hellip\"> [\u2026]<\/span><\/p>\n","protected":false},"author":2,"featured_media":0,"parent":45,"menu_order":15,"comment_status":"closed","ping_status":"closed","template":"","meta":[],"_links":{"self":[{"href":"https:\/\/rapidbronz.com\/sl\/wp-json\/wp\/v2\/pages\/151\/"}],"collection":[{"href":"https:\/\/rapidbronz.com\/sl\/wp-json\/wp\/v2\/pages\/"}],"about":[{"href":"https:\/\/rapidbronz.com\/sl\/wp-json\/wp\/v2\/types\/page\/"}],"author":[{"embeddable":true,"href":"https:\/\/rapidbronz.com\/sl\/wp-json\/wp\/v2\/users\/2\/"}],"replies":[{"embeddable":true,"href":"https:\/\/rapidbronz.com\/sl\/wp-json\/wp\/v2\/comments\/?post=151"}],"version-history":[{"count":0,"href":"https:\/\/rapidbronz.com\/sl\/wp-json\/wp\/v2\/pages\/151\/revisions\/"}],"up":[{"embeddable":true,"href":"https:\/\/rapidbronz.com\/sl\/wp-json\/wp\/v2\/pages\/45\/"}],"wp:attachment":[{"href":"https:\/\/rapidbronz.com\/sl\/wp-json\/wp\/v2\/media\/?parent=151"}],"curies":[{"name":"wp","href":"https:\/\/api.w.org\/{rel}","templated":true}]}}