{"id":19,"date":"2013-02-02T11:49:08","date_gmt":"2013-02-02T11:49:08","guid":{"rendered":"https:\/\/rapidbronz.com\/?page_id=19"},"modified":"2013-02-02T11:49:08","modified_gmt":"2013-02-02T11:49:08","slug":"uvod","status":"publish","type":"page","link":"https:\/\/rapidbronz.com\/sl\/uvod\/","title":{"rendered":"UVOD"},"content":{"rendered":"<p style=\"text-align: center;\"><span><img loading=\"lazy\" class=\" size-full wp-image-11\" src=\"https:\/\/rapidbronz.com\/wp-content\/uploads\/2013\/02\/images_Introduzione_400.png\" width=\"350\" height=\"341\" alt=\"Introduzione 400\" srcset=\"https:\/\/rapidbronz.com\/wp-content\/uploads\/2013\/02\/images_Introduzione_400.png 350w, https:\/\/rapidbronz.com\/wp-content\/uploads\/2013\/02\/images_Introduzione_400-300x292.png 300w\" sizes=\"(max-width: 350px) 100vw, 350px\" \/><\/span><\/p>\n<p>Vsako pomlad si za\u017eelimo sonca in porjavitve. Son\u010denje je prijetno in zdravo. Son\u010dni \u017earki omogo\u010dajo vezanje kalcija v kosteh in so mo\u010dan naravni baktericid. Idealno son\u010denje za zdravje in lepoto, je son\u010denje pri katerem se izognemo opeklinam na ko\u017ei. Ko smo izpostavljeni soncu je povsem normalno da se vpra\u0161amo kak\u0161na je najbolj\u0161a za\u0161\u010dita za na\u0161o ko\u017eo. Vedeti moramo da v na\u0161i ko\u017ei obstaja pigment melanin, ki je naravna re\u0161itev tj. za\u0161\u010dita pred slabim vplivom son\u010dnih \u017earkov.<\/p>\n","protected":false},"excerpt":{"rendered":"<p>Vsako pomlad si za\u017eelimo sonca in porjavitve. Son\u010denje je prijetno in zdravo. Son\u010dni \u017earki omogo\u010dajo vezanje kalcija v kosteh in so mo\u010dan naravni baktericid. Idealno son\u010denje<span class=\"excerpt-hellip\"> [\u2026]<\/span><\/p>\n","protected":false},"author":2,"featured_media":0,"parent":0,"menu_order":16,"comment_status":"closed","ping_status":"closed","template":"","meta":[],"_links":{"self":[{"href":"https:\/\/rapidbronz.com\/sl\/wp-json\/wp\/v2\/pages\/19\/"}],"collection":[{"href":"https:\/\/rapidbronz.com\/sl\/wp-json\/wp\/v2\/pages\/"}],"about":[{"href":"https:\/\/rapidbronz.com\/sl\/wp-json\/wp\/v2\/types\/page\/"}],"author":[{"embeddable":true,"href":"https:\/\/rapidbronz.com\/sl\/wp-json\/wp\/v2\/users\/2\/"}],"replies":[{"embeddable":true,"href":"https:\/\/rapidbronz.com\/sl\/wp-json\/wp\/v2\/comments\/?post=19"}],"version-history":[{"count":0,"href":"https:\/\/rapidbronz.com\/sl\/wp-json\/wp\/v2\/pages\/19\/revisions\/"}],"wp:attachment":[{"href":"https:\/\/rapidbronz.com\/sl\/wp-json\/wp\/v2\/media\/?parent=19"}],"curies":[{"name":"wp","href":"https:\/\/api.w.org\/{rel}","templated":true}]}}