{"id":28,"date":"2013-02-02T11:49:22","date_gmt":"2013-02-02T11:49:22","guid":{"rendered":"https:\/\/rapidbronz.com\/?page_id=28"},"modified":"2013-02-02T11:49:22","modified_gmt":"2013-02-02T11:49:22","slug":"nova-filozofija","status":"publish","type":"page","link":"https:\/\/rapidbronz.com\/sl\/nova-filozofija\/","title":{"rendered":"NOVA FILOZOFIJA"},"content":{"rendered":"<p style=\"text-align: center;\"><img loading=\"lazy\" class=\" size-full wp-image-20\" src=\"https:\/\/rapidbronz.com\/wp-content\/uploads\/2013\/02\/images_Filosofia_400.png\" width=\"320\" height=\"359\" alt=\"Filosofia 400\" srcset=\"https:\/\/rapidbronz.com\/wp-content\/uploads\/2013\/02\/images_Filosofia_400.png 320w, https:\/\/rapidbronz.com\/wp-content\/uploads\/2013\/02\/images_Filosofia_400-267x300.png 267w\" sizes=\"(max-width: 320px) 100vw, 320px\" \/><\/p>\n<h1 style=\"text-align: center;\">NOVA FILOZOFIJA<\/h1>\n<p>V zadnjih letih je vse bolj popularna nova filozofija za\u0161\u010dite ko\u017ee pred UV \u017eerki, ki temelji na mehanizmu naravne za\u0161\u010dite ko\u017ee kot pomo\u010d &nbsp;za\u0161\u010ditnim filtrom v kremah za son\u010denje. Med son\u010denjem je proizvodnja melanina in posledi\u010dno porjavelost ko\u017ee posledica UVB \u017earkov. Hitrost tega procesa je odvisna od hitrosti sinteze melanina in njegovi migraciji v keratinocite. Bazalni ritem proizvodnje melanina in njegovo seljenje v keratinocite traja pribli\u017eno sedem dni. Med tem procesom na\u0161a ko\u017ea ni za\u0161\u010ditena in je mo\u010dno izpostavljena son\u010dnim UV \u017earkom, ki lahko povzro\u010dajo porde\u010ditev in nevarne son\u010dne iritacije.<\/p>\n<p>&nbsp;<\/p>\n","protected":false},"excerpt":{"rendered":"<p>NOVA FILOZOFIJA V zadnjih letih je vse bolj popularna nova filozofija za\u0161\u010dite ko\u017ee pred UV \u017eerki, ki temelji na mehanizmu naravne za\u0161\u010dite ko\u017ee kot pomo\u010d &nbsp;za\u0161\u010ditnim<span class=\"excerpt-hellip\"> [\u2026]<\/span><\/p>\n","protected":false},"author":2,"featured_media":0,"parent":0,"menu_order":10,"comment_status":"closed","ping_status":"closed","template":"","meta":[],"_links":{"self":[{"href":"https:\/\/rapidbronz.com\/sl\/wp-json\/wp\/v2\/pages\/28\/"}],"collection":[{"href":"https:\/\/rapidbronz.com\/sl\/wp-json\/wp\/v2\/pages\/"}],"about":[{"href":"https:\/\/rapidbronz.com\/sl\/wp-json\/wp\/v2\/types\/page\/"}],"author":[{"embeddable":true,"href":"https:\/\/rapidbronz.com\/sl\/wp-json\/wp\/v2\/users\/2\/"}],"replies":[{"embeddable":true,"href":"https:\/\/rapidbronz.com\/sl\/wp-json\/wp\/v2\/comments\/?post=28"}],"version-history":[{"count":0,"href":"https:\/\/rapidbronz.com\/sl\/wp-json\/wp\/v2\/pages\/28\/revisions\/"}],"wp:attachment":[{"href":"https:\/\/rapidbronz.com\/sl\/wp-json\/wp\/v2\/media\/?parent=28"}],"curies":[{"name":"wp","href":"https:\/\/api.w.org\/{rel}","templated":true}]}}