{"id":45,"date":"2013-02-02T12:04:11","date_gmt":"2013-02-02T12:04:11","guid":{"rendered":"https:\/\/rapidbronz.com\/?page_id=45"},"modified":"2013-02-02T12:04:11","modified_gmt":"2013-02-02T12:04:11","slug":"rapid-bronz-2","status":"publish","type":"page","link":"https:\/\/rapidbronz.com\/sl\/rapid-bronz-2\/","title":{"rendered":"Rapid Bronz"},"content":{"rendered":"<p style=\"text-align: center;\">&nbsp;<\/p>\n<p style=\"text-align: center;\">&nbsp;<img loading=\"lazy\" class=\" size-full wp-image-37\" src=\"https:\/\/rapidbronz.com\/wp-content\/uploads\/2013\/02\/images_RapidBronzVas.jpg\" width=\"500\" height=\"261\" alt=\"RapidBronzVas\" srcset=\"https:\/\/rapidbronz.com\/wp-content\/uploads\/2013\/02\/images_RapidBronzVas.jpg 500w, https:\/\/rapidbronz.com\/wp-content\/uploads\/2013\/02\/images_RapidBronzVas-300x157.jpg 300w\" sizes=\"(max-width: 500px) 100vw, 500px\" \/><\/p>\n<h1 style=\"line-height: normal; text-align: center;\">PROGRAM SON\u010cENJA RAPID BRONZ<\/h1>\n<p style=\"text-align: justify;\"><span style=\"line-height: 1.3em;\">Program son\u010denja RAPID BRONZ je zasnovan ob pomo\u010di inovativne biotehnologije, ki temelji na kompleksu substanc, ki pravilno sestavljene pospe\u0161ujejo naravne procese pigmentacije ko\u017ee. Osnova celotnega programa je prisotnost treh glavnih aktivnih sestavin.<\/span><\/p>\n<p style=\"text-align: justify;\">1. TIROZIN v obliki posebnega topnega derivata, ki prodira globoko v epidermo in ji daje potrebno sestavino za aktivacijo biosinteze melanina, t.j. pigmenta ki daje ko\u017ei porjavelost in naravno za\u0161\u010dito.<\/p>\n<p style=\"text-align: justify;\">2. VITAMIN B2 deluje kot foto &#8211; oksidant, t.j. pospe\u0161uje procese oksidacije ki spodbujajo ko\u017eno pigmentacijo tirozina med izpostavljenostjo soncu.<\/p>\n<p style=\"text-align: justify;\">3. ATP koencim &#8211; adenosintrifosfat &#8211; pospe\u0161uje in pove\u010duje tirozinazo ter s tem posledi\u010dno melanogenezo. Koli\u010dina proizvedenega melanina se pove\u010duje in proces porjavitve se razvija hitreje in intenzivneje.<\/p>\n","protected":false},"excerpt":{"rendered":"<p>&nbsp; &nbsp; PROGRAM SON\u010cENJA RAPID BRONZ Program son\u010denja RAPID BRONZ je zasnovan ob pomo\u010di inovativne biotehnologije, ki temelji na kompleksu substanc, ki pravilno sestavljene pospe\u0161ujejo naravne<span class=\"excerpt-hellip\"> [\u2026]<\/span><\/p>\n","protected":false},"author":2,"featured_media":0,"parent":0,"menu_order":8,"comment_status":"closed","ping_status":"closed","template":"","meta":[],"_links":{"self":[{"href":"https:\/\/rapidbronz.com\/sl\/wp-json\/wp\/v2\/pages\/45\/"}],"collection":[{"href":"https:\/\/rapidbronz.com\/sl\/wp-json\/wp\/v2\/pages\/"}],"about":[{"href":"https:\/\/rapidbronz.com\/sl\/wp-json\/wp\/v2\/types\/page\/"}],"author":[{"embeddable":true,"href":"https:\/\/rapidbronz.com\/sl\/wp-json\/wp\/v2\/users\/2\/"}],"replies":[{"embeddable":true,"href":"https:\/\/rapidbronz.com\/sl\/wp-json\/wp\/v2\/comments\/?post=45"}],"version-history":[{"count":0,"href":"https:\/\/rapidbronz.com\/sl\/wp-json\/wp\/v2\/pages\/45\/revisions\/"}],"wp:attachment":[{"href":"https:\/\/rapidbronz.com\/sl\/wp-json\/wp\/v2\/media\/?parent=45"}],"curies":[{"name":"wp","href":"https:\/\/api.w.org\/{rel}","templated":true}]}}