{"id":533,"date":"2018-06-17T15:31:50","date_gmt":"2018-06-17T15:31:50","guid":{"rendered":"https:\/\/rapidbronz.com\/eu-cookies\/"},"modified":"2018-06-17T17:22:22","modified_gmt":"2018-06-17T17:22:22","slug":"eu-cookies","status":"publish","type":"page","link":"https:\/\/rapidbronz.com\/sl\/eu-cookies\/","title":{"rendered":"Pi\u0161kotki in politika zasebnosti"},"content":{"rendered":"<p>[vc_row][vc_column][vc_column_text]<\/p>\n<p>Pi\u0161kotek je majhna datoteka, obi\u010dajno vsebuje zaporedje \u010drk in \u0161tevilk, ki se nalo\u017ei na uporabnikov ra\u010dunalnik, ko ta obi\u0161\u010de dolo\u010deno spletno mesto. In ravno ta pi\u0161kotek omogo\u010da spletnemu mestu, da ob vsakem ponovnem obisku uporabnika prepozna. Pi\u0161kotki so tako pomembni za delovanje spletnih mest, z namenom, da se uporabnikova izku\u0161nja izbolj\u0161a.<\/p>\n<p>Zakaj potrebujemo va\u0161o privolitev za pi\u0161kotke?<\/p>\n<p>Pi\u0161kotki zagotavljajo uporabniku prijazno uporabni\u0161ko izku\u0161njo. Interaktivnost med uporabnikom in spletnim mestom je s pomo\u010djo pi\u0161kotkov hitrej\u0161a in enostavnej\u0161a. Z njihovo pomo\u010djo si spletno mesto zapomni posameznikove nastavitve in \u017eelje, uporabniku je tako ob naslednjem obisku samodejno prikazana vsebina, ki jo \u017eeli in na na\u010din, kot si jo \u017eeli prikazati.<\/p>\n<p>Katere pi\u0161kotke uporablja na\u0161e spletno mesto:<\/p>\n\n<p>Uporabnik lahko dovoljenja za namestitev pi\u0161kotkov nastavi in kadarkoli spremeni, prilagodi ali prekli\u010de tudi v brskalniku, s katerim dostopa do spletnega mesta.<\/p>\n<p>V primeru, da zavrnete pi\u0161kotke, bomo na va\u0161o napravo namestili pi\u0161kotek z namenom, da si to odlo\u010ditev zapomni.<\/p>\n<p>Pi\u0161kotke Google Analytics je mogo\u010de onemogo\u010diti tudi s pomo\u010djo navodil, ki so na voljo na tej povezavi: <a href=\"https:\/\/tools.google.com\/dlpage\/gaoptout?hl=en\" target=\"_blank\">Google Analytics<\/a><\/p>\n<p>\u00a0<\/p>\n<p>[wpgdprTandC]<\/p>\n<p>[wpgdprPP]<\/p>\n<p>[\/vc_column_text][\/vc_column][\/vc_row]<\/p>\n","protected":false},"excerpt":{"rendered":"<p>[vc_row][vc_column][vc_column_text] Pi\u0161kotek je majhna datoteka, obi\u010dajno vsebuje zaporedje \u010drk in \u0161tevilk, ki se nalo\u017ei na uporabnikov ra\u010dunalnik, ko ta obi\u0161\u010de dolo\u010deno spletno mesto. In ravno ta<span class=\"excerpt-hellip\"> [\u2026]<\/span><\/p>\n","protected":false},"author":2,"featured_media":0,"parent":0,"menu_order":1,"comment_status":"closed","ping_status":"closed","template":"","meta":[],"_links":{"self":[{"href":"https:\/\/rapidbronz.com\/sl\/wp-json\/wp\/v2\/pages\/533\/"}],"collection":[{"href":"https:\/\/rapidbronz.com\/sl\/wp-json\/wp\/v2\/pages\/"}],"about":[{"href":"https:\/\/rapidbronz.com\/sl\/wp-json\/wp\/v2\/types\/page\/"}],"author":[{"embeddable":true,"href":"https:\/\/rapidbronz.com\/sl\/wp-json\/wp\/v2\/users\/2\/"}],"replies":[{"embeddable":true,"href":"https:\/\/rapidbronz.com\/sl\/wp-json\/wp\/v2\/comments\/?post=533"}],"version-history":[{"count":0,"href":"https:\/\/rapidbronz.com\/sl\/wp-json\/wp\/v2\/pages\/533\/revisions\/"}],"wp:attachment":[{"href":"https:\/\/rapidbronz.com\/sl\/wp-json\/wp\/v2\/media\/?parent=533"}],"curies":[{"name":"wp","href":"https:\/\/api.w.org\/{rel}","templated":true}]}}