{"id":63,"date":"2013-02-10T12:25:44","date_gmt":"2013-02-10T12:25:44","guid":{"rendered":"https:\/\/rapidbronz.com\/?page_id=63"},"modified":"2013-02-10T12:25:44","modified_gmt":"2013-02-10T12:25:44","slug":"nasa-naravna-zascita","status":"publish","type":"page","link":"https:\/\/rapidbronz.com\/sl\/uvod\/nasa-naravna-zascita\/","title":{"rendered":"NA\u0160A NARAVNA ZA\u0160\u010cITA"},"content":{"rendered":"<p>&nbsp;<\/p>\n<p>&nbsp;<\/p>\n<p>&nbsp;<\/p>\n<table border=\"0\" cellspacing=\"0\" cellpadding=\"10\">\n<tbody>\n<tr>\n<td style=\"text-align: center;\" valign=\"top\">\n<h1>NA\u0160A NARAVNA ZA\u0160\u010cITA<\/h1>\n<p style=\"text-align: justify;\"><img loading=\"lazy\" class=\" alignleft size-full wp-image-55\" src=\"https:\/\/rapidbronz.com\/wp-content\/uploads\/2013\/02\/images_Difesa_naturale.png\" width=\"120\" height=\"115\" alt=\"Difesa naturale\" style=\"color: #000000; font-family: Verdana, Arial, Helvetica, sans-serif; font-size: 11px; line-height: normal; text-align: -webkit-center; margin-top: 6px; margin-right: 12px; float: left;\" \/>\u010clove\u0161ko telo ima fantasti\u010dno naravno sposobnost proizvodnje melanina, ko je izpostavljeno son\u010dnim \u017earkom. Melanin je na\u0161a naravna za\u0161\u010dita pred ultravijoli\u010dni \u017earki, ki ga proizvaja na\u0161a ko\u017ea in nam daje tako \u017eeleno bronasto barvo. Melanina proizvajajo melanociti, ki se nahajajo v bazalnem sloju epiderme. Njihova vloga je sinteza melanina, ki se skladi\u0161\u010di v melanosomih. Melanosom s\u010dasoma preidejo v epitelne celice epiderme, kjer ustvarijo za\u0161\u010ditni obro\u010d ki absorbira oziroma odbija ve\u010d kot 70 % ultravijoli\u010dnih \u017earkov.<\/p>\n<\/td>\n<\/tr>\n<\/tbody>\n<\/table>\n","protected":false},"excerpt":{"rendered":"<p>&nbsp; &nbsp; &nbsp; NA\u0160A NARAVNA ZA\u0160\u010cITA \u010clove\u0161ko telo ima fantasti\u010dno naravno sposobnost proizvodnje melanina, ko je izpostavljeno son\u010dnim \u017earkom. Melanin je na\u0161a naravna za\u0161\u010dita pred ultravijoli\u010dni<span class=\"excerpt-hellip\"> [\u2026]<\/span><\/p>\n","protected":false},"author":2,"featured_media":0,"parent":19,"menu_order":6,"comment_status":"closed","ping_status":"closed","template":"","meta":[],"_links":{"self":[{"href":"https:\/\/rapidbronz.com\/sl\/wp-json\/wp\/v2\/pages\/63\/"}],"collection":[{"href":"https:\/\/rapidbronz.com\/sl\/wp-json\/wp\/v2\/pages\/"}],"about":[{"href":"https:\/\/rapidbronz.com\/sl\/wp-json\/wp\/v2\/types\/page\/"}],"author":[{"embeddable":true,"href":"https:\/\/rapidbronz.com\/sl\/wp-json\/wp\/v2\/users\/2\/"}],"replies":[{"embeddable":true,"href":"https:\/\/rapidbronz.com\/sl\/wp-json\/wp\/v2\/comments\/?post=63"}],"version-history":[{"count":0,"href":"https:\/\/rapidbronz.com\/sl\/wp-json\/wp\/v2\/pages\/63\/revisions\/"}],"up":[{"embeddable":true,"href":"https:\/\/rapidbronz.com\/sl\/wp-json\/wp\/v2\/pages\/19\/"}],"wp:attachment":[{"href":"https:\/\/rapidbronz.com\/sl\/wp-json\/wp\/v2\/media\/?parent=63"}],"curies":[{"name":"wp","href":"https:\/\/api.w.org\/{rel}","templated":true}]}}