{"id":72,"date":"2013-02-10T12:25:44","date_gmt":"2013-02-10T12:25:44","guid":{"rendered":"https:\/\/rapidbronz.com\/?page_id=72"},"modified":"2013-02-10T12:25:44","modified_gmt":"2013-02-10T12:25:44","slug":"delovanje-malanocitov","status":"publish","type":"page","link":"https:\/\/rapidbronz.com\/sl\/uvod\/delovanje-malanocitov\/","title":{"rendered":"DELOVANJE MALANOCITOV"},"content":{"rendered":"<p>&nbsp;<\/p>\n<p>&nbsp;<\/p>\n<p>&nbsp;<\/p>\n<table border=\"0\" cellspacing=\"0\" cellpadding=\"10\">\n<tbody>\n<tr>\n<td style=\"text-align: center;\" valign=\"top\">\n<h1>DELOVANJE MALANOCITOV<\/h1>\n<p style=\"text-align: justify;\"><img loading=\"lazy\" class=\" alignleft size-full wp-image-64\" src=\"https:\/\/rapidbronz.com\/wp-content\/uploads\/2013\/02\/images_Melanociti.png\" width=\"137\" height=\"180\" alt=\"Melanociti\" style=\"color: #000000; font-family: Verdana, Arial, Helvetica, sans-serif; font-size: 11px; line-height: normal; text-align: -webkit-center; margin-top: 6px; margin-right: 8px; float: left;\" \/>Vsi ljudje imajo podobno koncentracijo melanocitov v ko\u017ei, vendar se njihova aktivnost razlikuje glede na pripadnost posameznika etni\u010dni skupini. Poleg tega pogostost izpostavljanja ultravijoli\u010dnim \u017earkom mo\u010dno vpliva na proizvodnjo melanina. Pri osebah ki so pogosteje izpostavljene son\u010dnim \u017earkom je proizvodnja melanina ve\u010dja kot pri osebah, ki so redko izpostavljene soncu in uporabljajo kreme za son\u010denje z visokimi faktorji. Manj je poznano da uporaba visokih faktorjev inhibira ( zavira) ali upo\u010dasnjuje proizvodnjo melanina in na ta na\u010din blokira naravni proces za\u0161\u010dite ko\u017ee. Ve\u010dji kot je za\u0161\u010ditni faktor, dalj\u0161a bo potrebna izpostavljenost son\u010dnim \u017earkom, da bi se aktiviral naravni proces za\u0161\u010dite.<\/p>\n<\/td>\n<\/tr>\n<\/tbody>\n<\/table>\n","protected":false},"excerpt":{"rendered":"<p>&nbsp; &nbsp; &nbsp; DELOVANJE MALANOCITOV Vsi ljudje imajo podobno koncentracijo melanocitov v ko\u017ei, vendar se njihova aktivnost razlikuje glede na pripadnost posameznika etni\u010dni skupini. Poleg tega<span class=\"excerpt-hellip\"> [\u2026]<\/span><\/p>\n","protected":false},"author":2,"featured_media":0,"parent":19,"menu_order":5,"comment_status":"closed","ping_status":"closed","template":"","meta":[],"_links":{"self":[{"href":"https:\/\/rapidbronz.com\/sl\/wp-json\/wp\/v2\/pages\/72\/"}],"collection":[{"href":"https:\/\/rapidbronz.com\/sl\/wp-json\/wp\/v2\/pages\/"}],"about":[{"href":"https:\/\/rapidbronz.com\/sl\/wp-json\/wp\/v2\/types\/page\/"}],"author":[{"embeddable":true,"href":"https:\/\/rapidbronz.com\/sl\/wp-json\/wp\/v2\/users\/2\/"}],"replies":[{"embeddable":true,"href":"https:\/\/rapidbronz.com\/sl\/wp-json\/wp\/v2\/comments\/?post=72"}],"version-history":[{"count":0,"href":"https:\/\/rapidbronz.com\/sl\/wp-json\/wp\/v2\/pages\/72\/revisions\/"}],"up":[{"embeddable":true,"href":"https:\/\/rapidbronz.com\/sl\/wp-json\/wp\/v2\/pages\/19\/"}],"wp:attachment":[{"href":"https:\/\/rapidbronz.com\/sl\/wp-json\/wp\/v2\/media\/?parent=72"}],"curies":[{"name":"wp","href":"https:\/\/api.w.org\/{rel}","templated":true}]}}