{"id":81,"date":"2013-02-10T12:25:44","date_gmt":"2013-02-10T12:25:44","guid":{"rendered":"https:\/\/rapidbronz.com\/?page_id=81"},"modified":"2013-02-10T12:25:44","modified_gmt":"2013-02-10T12:25:44","slug":"melanogeneza","status":"publish","type":"page","link":"https:\/\/rapidbronz.com\/sl\/uvod\/melanogeneza\/","title":{"rendered":"MELANOGENEZA"},"content":{"rendered":"<p>&nbsp;<\/p>\n<p>&nbsp;<\/p>\n<p>&nbsp;<\/p>\n<table border=\"0\" cellspacing=\"0\" cellpadding=\"10\">\n<tbody>\n<tr>\n<td style=\"text-align: center;\" valign=\"top\">\n<h1>MELANOGENEZA<\/h1>\n<p style=\"text-align: justify;\"><img loading=\"lazy\" class=\" alignleft size-full wp-image-73\" src=\"https:\/\/rapidbronz.com\/wp-content\/uploads\/2013\/02\/images_MELANOGENESI.png\" width=\"250\" height=\"185\" alt=\"MELANOGENESI\" style=\"color: #000000; font-family: Verdana, Arial, Helvetica, sans-serif; font-size: 11px; line-height: normal; text-align: -webkit-center; margin: 6px 6px 0px 0px; float: left;\" \/>Foto-za\u0161\u010dita ko\u017ee je odvisna od pravilnega foto-kemi\u010dnega procesa ki pretvarja energijo UV \u017earkov. Naravni melanin se proizvaja skozi metabolizem aminokisline tirozin, ki ima mo\u010dno za\u0161\u010ditno delovanje. Melanin nastaja preko biokemi\u010dnega procesa, ki se imenuje melanogeneza. Ta proces se odvija v melanocitih z sintezo encima tirozinaza, ki pretvarja aminokislino tirozin v melanin. Melanin se sintetizira v melanosome, ki migrirajo preko raz\u0161iritve melanocitov in se selijo iz bazalnega sloja v keranocite povr\u0161inskih slojev ko\u017ee, v katerih se melanin razporedi okoli celi\u010dnih jeder in slu\u017ei kot za\u0161\u010dita pred UV \u017earki.<\/p>\n<\/td>\n<\/tr>\n<\/tbody>\n<\/table>\n","protected":false},"excerpt":{"rendered":"<p>&nbsp; &nbsp; &nbsp; MELANOGENEZA Foto-za\u0161\u010dita ko\u017ee je odvisna od pravilnega foto-kemi\u010dnega procesa ki pretvarja energijo UV \u017earkov. Naravni melanin se proizvaja skozi metabolizem aminokisline tirozin, ki<span class=\"excerpt-hellip\"> [\u2026]<\/span><\/p>\n","protected":false},"author":2,"featured_media":0,"parent":19,"menu_order":2,"comment_status":"closed","ping_status":"closed","template":"","meta":[],"_links":{"self":[{"href":"https:\/\/rapidbronz.com\/sl\/wp-json\/wp\/v2\/pages\/81\/"}],"collection":[{"href":"https:\/\/rapidbronz.com\/sl\/wp-json\/wp\/v2\/pages\/"}],"about":[{"href":"https:\/\/rapidbronz.com\/sl\/wp-json\/wp\/v2\/types\/page\/"}],"author":[{"embeddable":true,"href":"https:\/\/rapidbronz.com\/sl\/wp-json\/wp\/v2\/users\/2\/"}],"replies":[{"embeddable":true,"href":"https:\/\/rapidbronz.com\/sl\/wp-json\/wp\/v2\/comments\/?post=81"}],"version-history":[{"count":0,"href":"https:\/\/rapidbronz.com\/sl\/wp-json\/wp\/v2\/pages\/81\/revisions\/"}],"up":[{"embeddable":true,"href":"https:\/\/rapidbronz.com\/sl\/wp-json\/wp\/v2\/pages\/19\/"}],"wp:attachment":[{"href":"https:\/\/rapidbronz.com\/sl\/wp-json\/wp\/v2\/media\/?parent=81"}],"curies":[{"name":"wp","href":"https:\/\/api.w.org\/{rel}","templated":true}]}}