{"id":90,"date":"2013-02-10T12:25:44","date_gmt":"2013-02-10T12:25:44","guid":{"rendered":"https:\/\/rapidbronz.com\/?page_id=90"},"modified":"2013-02-10T12:25:44","modified_gmt":"2013-02-10T12:25:44","slug":"zascitno-delovanje-melanina","status":"publish","type":"page","link":"https:\/\/rapidbronz.com\/sl\/uvod\/zascitno-delovanje-melanina\/","title":{"rendered":"ZA\u0160\u010cITNO DELOVANJE MELANINA"},"content":{"rendered":"<p>&nbsp;<\/p>\n<p>&nbsp;<\/p>\n<p>&nbsp;<\/p>\n<table border=\"0\" cellspacing=\"0\" cellpadding=\"10\">\n<tbody>\n<tr>\n<td style=\"text-align: center;\" valign=\"top\">\n<h1>ZA\u0160\u010cITNO DELOVANJE MELANINA<\/h1>\n<p style=\"text-align: left;\"><img loading=\"lazy\" class=\" alignleft size-full wp-image-82\" src=\"https:\/\/rapidbronz.com\/wp-content\/uploads\/2013\/02\/images_Melanina.png\" width=\"200\" height=\"260\" alt=\"Melanina\" style=\"color: #000000; font-family: Verdana, Arial, Helvetica, sans-serif; font-size: 11px; line-height: normal; text-align: -webkit-center; margin-top: 6px; margin-right: 6px; float: left;\" \/><span style=\"text-align: center; line-height: 1.3em;\">Melanin deluje za\u0161\u010ditno skozi naslednje fiziolo\u0161ke mehanizme:<\/span><\/p>\n<p style=\"text-align: justify;\">1. <strong>Difuzija oz. razpr\u0161evanje svetlobe<\/strong>: zrnca melanina se nahajajo v poro\u017eenelem in v vitalnem sloju epiderme in lahko zmanj\u0161ajo u\u010dinek son\u010dnih \u017earkov.<\/p>\n<p style=\"text-align: justify;\">2. <strong>Absorpcija energije so\u010dnih \u017earkov<\/strong>: melanin absorbira ve\u010djo koli\u010dino son\u010dnih \u017earkov in jih prevaja v toploto. \u0160\u010diti \u017eive celice ko\u017ee pred pove\u010danim vplivom son\u010dnih \u017earkov.<\/p>\n<p style=\"text-align: justify;\">3. <strong>Aktivacija oksidacije<\/strong>: zrnca melanina ki se nahajajo v celicah epiderme absorbirajo \u0161kodljive son\u010dne \u017earke preden ti pridejo do ob\u010dutljivih celi\u010dnih jeder. Melanin prav tako u\u010dinkovito prepre\u010duje nastajanje prostih radikalov in na ta na\u010din prepre\u010duje staranje ko\u017ee.<\/p>\n<\/td>\n<\/tr>\n<\/tbody>\n<\/table>\n","protected":false},"excerpt":{"rendered":"<p>&nbsp; &nbsp; &nbsp; ZA\u0160\u010cITNO DELOVANJE MELANINA Melanin deluje za\u0161\u010ditno skozi naslednje fiziolo\u0161ke mehanizme: 1. Difuzija oz. razpr\u0161evanje svetlobe: zrnca melanina se nahajajo v poro\u017eenelem in v<span class=\"excerpt-hellip\"> [\u2026]<\/span><\/p>\n","protected":false},"author":2,"featured_media":0,"parent":19,"menu_order":4,"comment_status":"closed","ping_status":"closed","template":"","meta":[],"_links":{"self":[{"href":"https:\/\/rapidbronz.com\/sl\/wp-json\/wp\/v2\/pages\/90\/"}],"collection":[{"href":"https:\/\/rapidbronz.com\/sl\/wp-json\/wp\/v2\/pages\/"}],"about":[{"href":"https:\/\/rapidbronz.com\/sl\/wp-json\/wp\/v2\/types\/page\/"}],"author":[{"embeddable":true,"href":"https:\/\/rapidbronz.com\/sl\/wp-json\/wp\/v2\/users\/2\/"}],"replies":[{"embeddable":true,"href":"https:\/\/rapidbronz.com\/sl\/wp-json\/wp\/v2\/comments\/?post=90"}],"version-history":[{"count":0,"href":"https:\/\/rapidbronz.com\/sl\/wp-json\/wp\/v2\/pages\/90\/revisions\/"}],"up":[{"embeddable":true,"href":"https:\/\/rapidbronz.com\/sl\/wp-json\/wp\/v2\/pages\/19\/"}],"wp:attachment":[{"href":"https:\/\/rapidbronz.com\/sl\/wp-json\/wp\/v2\/media\/?parent=90"}],"curies":[{"name":"wp","href":"https:\/\/api.w.org\/{rel}","templated":true}]}}