{"id":99,"date":"2013-02-10T12:25:44","date_gmt":"2013-02-10T12:25:44","guid":{"rendered":"https:\/\/rapidbronz.com\/?page_id=99"},"modified":"2013-02-10T12:25:44","modified_gmt":"2013-02-10T12:25:44","slug":"priprava-koze-na-sonce","status":"publish","type":"page","link":"https:\/\/rapidbronz.com\/sl\/nova-filozofija\/priprava-koze-na-sonce\/","title":{"rendered":"PRIPRAVA KO\u017dE NA SONCE"},"content":{"rendered":"<p>&nbsp;<\/p>\n<p>&nbsp;<\/p>\n<p>&nbsp;<\/p>\n<table border=\"0\" cellspacing=\"0\" cellpadding=\"10\">\n<tbody>\n<tr>\n<td style=\"text-align: center;\" valign=\"top\">\n<h1>PRIPRAVA KO\u017dE NA SONCE<\/h1>\n<p style=\"text-align: justify;\"><img loading=\"lazy\" class=\" alignleft size-full wp-image-91\" src=\"https:\/\/rapidbronz.com\/wp-content\/uploads\/2013\/02\/images_FASE_ABBRONZATURA.gif\" width=\"133\" height=\"121\" alt=\"FASE ABBRONZATURA\" style=\"color: #000000; font-family: Verdana, Arial, Helvetica, sans-serif; font-size: 11px; line-height: normal; text-align: -webkit-center; margin-top: 6px; margin-right: 12px; float: left;\" \/>Za\u0161\u010dita ko\u017ee, ki temelji na naravnem mehanizmu za\u0161\u010dite ko\u017ee je &nbsp;koristna podpora kremam za son\u010denje z za\u0161\u010ditnim filtrom. Ta proces lahko aktiviramo z stimulacijo naravnega metabolizma, katerega dose\u017eemo z dnevnim nanosom funkcionalnih aktivnih sestavin na ko\u017eo, ki pospe\u0161ijo mehanizem melanogenezo. Na ta na\u010din se lahko proizvodnja melanina pospe\u0161eno stimulira tako da je ko\u017ea ob prvi izpostavljenosti soncu \u017ee naravno za\u0161\u010ditena pred \u0161kodljivimi UV \u017earki.<\/p>\n<\/td>\n<\/tr>\n<\/tbody>\n<\/table>\n","protected":false},"excerpt":{"rendered":"<p>&nbsp; &nbsp; &nbsp; PRIPRAVA KO\u017dE NA SONCE Za\u0161\u010dita ko\u017ee, ki temelji na naravnem mehanizmu za\u0161\u010dite ko\u017ee je &nbsp;koristna podpora kremam za son\u010denje z za\u0161\u010ditnim filtrom. Ta<span class=\"excerpt-hellip\"> [\u2026]<\/span><\/p>\n","protected":false},"author":2,"featured_media":0,"parent":28,"menu_order":3,"comment_status":"closed","ping_status":"closed","template":"","meta":[],"_links":{"self":[{"href":"https:\/\/rapidbronz.com\/sl\/wp-json\/wp\/v2\/pages\/99\/"}],"collection":[{"href":"https:\/\/rapidbronz.com\/sl\/wp-json\/wp\/v2\/pages\/"}],"about":[{"href":"https:\/\/rapidbronz.com\/sl\/wp-json\/wp\/v2\/types\/page\/"}],"author":[{"embeddable":true,"href":"https:\/\/rapidbronz.com\/sl\/wp-json\/wp\/v2\/users\/2\/"}],"replies":[{"embeddable":true,"href":"https:\/\/rapidbronz.com\/sl\/wp-json\/wp\/v2\/comments\/?post=99"}],"version-history":[{"count":0,"href":"https:\/\/rapidbronz.com\/sl\/wp-json\/wp\/v2\/pages\/99\/revisions\/"}],"up":[{"embeddable":true,"href":"https:\/\/rapidbronz.com\/sl\/wp-json\/wp\/v2\/pages\/28\/"}],"wp:attachment":[{"href":"https:\/\/rapidbronz.com\/sl\/wp-json\/wp\/v2\/media\/?parent=99"}],"curies":[{"name":"wp","href":"https:\/\/api.w.org\/{rel}","templated":true}]}}