{"id":106,"date":"2013-02-02T11:49:08","date_gmt":"2013-02-02T11:49:08","guid":{"rendered":"https:\/\/rapidbronz.com\/?page_id=106"},"modified":"2013-02-02T11:49:08","modified_gmt":"2013-02-02T11:49:08","slug":"test","status":"publish","type":"page","link":"https:\/\/rapidbronz.com\/sr\/test\/","title":{"rendered":"TEST"},"content":{"rendered":"<p style=\"text-align: center;\"><span><img loading=\"lazy\" class=\" size-full wp-image-100\" src=\"https:\/\/rapidbronz.com\/wp-content\/uploads\/2013\/02\/images_I_Test.png\" width=\"454\" height=\"441\" alt=\"I Test\" srcset=\"https:\/\/rapidbronz.com\/wp-content\/uploads\/2013\/02\/images_I_Test.png 454w, https:\/\/rapidbronz.com\/wp-content\/uploads\/2013\/02\/images_I_Test-300x291.png 300w\" sizes=\"(max-width: 454px) 100vw, 454px\" \/><\/span><\/p>\n<p>Biolo\u0161ko delovanje kreme Rapid Bronz provereno je klini\u010dko-dermatolo\u0161kim testovima. Komparativne analize sprovedene KROMAMETROM LF 90 dokazale su da je upotrebom ove kreme mogu\u0107e posti\u0107i pove\u0107anje biolo\u0161ke raspolo\u017eivosti melanina i tako podsta\u0107i prirodni proces pigmentacije.<\/p>\n","protected":false},"excerpt":{"rendered":"<p>Biolo\u0161ko delovanje kreme Rapid Bronz provereno je klini\u010dko-dermatolo\u0161kim testovima. Komparativne analize sprovedene KROMAMETROM LF 90 dokazale su da je upotrebom ove kreme mogu\u0107e posti\u0107i pove\u0107anje biolo\u0161ke<span class=\"excerpt-hellip\"> [\u2026]<\/span><\/p>\n","protected":false},"author":2,"featured_media":0,"parent":0,"menu_order":14,"comment_status":"closed","ping_status":"closed","template":"","meta":[],"_links":{"self":[{"href":"https:\/\/rapidbronz.com\/sr\/wp-json\/wp\/v2\/pages\/106\/"}],"collection":[{"href":"https:\/\/rapidbronz.com\/sr\/wp-json\/wp\/v2\/pages\/"}],"about":[{"href":"https:\/\/rapidbronz.com\/sr\/wp-json\/wp\/v2\/types\/page\/"}],"author":[{"embeddable":true,"href":"https:\/\/rapidbronz.com\/sr\/wp-json\/wp\/v2\/users\/2\/"}],"replies":[{"embeddable":true,"href":"https:\/\/rapidbronz.com\/sr\/wp-json\/wp\/v2\/comments\/?post=106"}],"version-history":[{"count":0,"href":"https:\/\/rapidbronz.com\/sr\/wp-json\/wp\/v2\/pages\/106\/revisions\/"}],"wp:attachment":[{"href":"https:\/\/rapidbronz.com\/sr\/wp-json\/wp\/v2\/media\/?parent=106"}],"curies":[{"name":"wp","href":"https:\/\/api.w.org\/{rel}","templated":true}]}}